{"id":1244,"date":"2025-02-27T08:56:42","date_gmt":"2025-02-27T14:56:42","guid":{"rendered":"http:\/\/192.168.2.180\/utgz\/?page_id=1244"},"modified":"2026-01-28T14:05:44","modified_gmt":"2026-01-28T20:05:44","slug":"oferta-educativa","status":"publish","type":"page","link":"http:\/\/187.237.124.202:8080\/utgz\/oferta-educativa\/","title":{"rendered":"Oferta Educativa"},"content":{"rendered":"\t\t<div data-elementor-type=\"wp-page\" data-elementor-id=\"1244\" class=\"elementor elementor-1244\">\n\t\t\t\t<div class=\"elementor-element elementor-element-c8e4f2f animated-slow e-flex e-con-boxed elementor-invisible e-con e-parent\" data-id=\"c8e4f2f\" data-element_type=\"container\" data-settings=\"{&quot;animation&quot;:&quot;bounceInUp&quot;,&quot;animation_delay&quot;:35}\">\n\t\t\t\t\t<div class=\"e-con-inner\">\n\t\t\t\t<div class=\"elementor-element elementor-element-43a5d62 elementor-widget elementor-widget-text-editor\" data-id=\"43a5d62\" data-element_type=\"widget\" data-widget_type=\"text-editor.default\">\n\t\t\t\t<div class=\"elementor-widget-container\">\n\t\t\t\t\t\t\t\t\t<p>OFERTA EDUCATIVA<\/p>\t\t\t\t\t\t\t\t<\/div>\n\t\t\t\t<\/div>\n\t\t\t\t<div class=\"elementor-element elementor-element-47a76f9 custom-hr elementor-widget-divider--view-line elementor-widget elementor-widget-divider\" data-id=\"47a76f9\" data-element_type=\"widget\" data-widget_type=\"divider.default\">\n\t\t\t\t<div class=\"elementor-widget-container\">\n\t\t\t\t\t\t\t<div class=\"elementor-divider\">\n\t\t\t<span class=\"elementor-divider-separator\">\n\t\t\t\t\t\t<\/span>\n\t\t<\/div>\n\t\t\t\t\t\t<\/div>\n\t\t\t\t<\/div>\n\t\t\t\t<div class=\"elementor-element elementor-element-4717168 elementor-widget elementor-widget-spacer\" data-id=\"4717168\" data-element_type=\"widget\" data-widget_type=\"spacer.default\">\n\t\t\t\t<div class=\"elementor-widget-container\">\n\t\t\t\t\t\t\t<div class=\"elementor-spacer\">\n\t\t\t<div class=\"elementor-spacer-inner\"><\/div>\n\t\t<\/div>\n\t\t\t\t\t\t<\/div>\n\t\t\t\t<\/div>\n\t\t<div class=\"elementor-element elementor-element-eb14edd e-con-full e-flex elementor-invisible e-con e-child\" data-id=\"eb14edd\" data-element_type=\"container\" data-settings=\"{&quot;animation&quot;:&quot;fadeIn&quot;,&quot;animation_delay&quot;:25}\">\n\t\t<div class=\"elementor-element elementor-element-5d8393e e-con-full sombra-header e-flex e-con e-child\" data-id=\"5d8393e\" data-element_type=\"container\">\n\t\t\t\t<div class=\"elementor-element elementor-element-2f89673 elementor-position-top elementor-invisible elementor-widget elementor-widget-image-box\" data-id=\"2f89673\" data-element_type=\"widget\" data-settings=\"{&quot;_animation&quot;:&quot;fadeInDown&quot;,&quot;_animation_delay&quot;:100}\" data-widget_type=\"image-box.default\">\n\t\t\t\t<div class=\"elementor-widget-container\">\n\t\t\t\t\t<div class=\"elementor-image-box-wrapper\"><figure class=\"elementor-image-box-img\"><a href=\"http:\/\/187.237.124.202:8080\/utgz\/agrobiotecnologia\/\" tabindex=\"-1\"><img fetchpriority=\"high\" decoding=\"async\" width=\"1066\" height=\"800\" src=\"http:\/\/187.237.124.202:8080\/utgz\/wp-content\/uploads\/2025\/05\/AGROBIOTECNOLOGIA.jpg\" class=\"elementor-animation-hang attachment-full size-full wp-image-2665\" alt=\"\" srcset=\"http:\/\/187.237.124.202:8080\/utgz\/wp-content\/uploads\/2025\/05\/AGROBIOTECNOLOGIA.jpg 1066w, http:\/\/187.237.124.202:8080\/utgz\/wp-content\/uploads\/2025\/05\/AGROBIOTECNOLOGIA-300x225.jpg 300w, http:\/\/187.237.124.202:8080\/utgz\/wp-content\/uploads\/2025\/05\/AGROBIOTECNOLOGIA-1024x768.jpg 1024w, http:\/\/187.237.124.202:8080\/utgz\/wp-content\/uploads\/2025\/05\/AGROBIOTECNOLOGIA-768x576.jpg 768w, http:\/\/187.237.124.202:8080\/utgz\/wp-content\/uploads\/2025\/05\/AGROBIOTECNOLOGIA-640x480.jpg 640w\" sizes=\"(max-width: 1066px) 100vw, 1066px\" \/><\/a><\/figure><div class=\"elementor-image-box-content\"><h2 class=\"elementor-image-box-title\"><a href=\"http:\/\/187.237.124.202:8080\/utgz\/agrobiotecnologia\/\">AGROBIOTECNOLOG\u00cdA<\/a><\/h2><\/div><\/div>\t\t\t\t<\/div>\n\t\t\t\t<\/div>\n\t\t\t\t<\/div>\n\t\t<div class=\"elementor-element elementor-element-7007ea0 e-con-full sombra-header e-flex e-con e-child\" data-id=\"7007ea0\" data-element_type=\"container\">\n\t\t\t\t<div class=\"elementor-element elementor-element-e72e017 elementor-position-top elementor-invisible elementor-widget elementor-widget-image-box\" data-id=\"e72e017\" data-element_type=\"widget\" data-settings=\"{&quot;_animation&quot;:&quot;fadeInDown&quot;,&quot;_animation_delay&quot;:100}\" data-widget_type=\"image-box.default\">\n\t\t\t\t<div class=\"elementor-widget-container\">\n\t\t\t\t\t<div class=\"elementor-image-box-wrapper\"><figure class=\"elementor-image-box-img\"><a href=\"http:\/\/187.237.124.202:8080\/utgz\/logistica-internacional\/\" tabindex=\"-1\"><img decoding=\"async\" width=\"1066\" height=\"800\" src=\"http:\/\/187.237.124.202:8080\/utgz\/wp-content\/uploads\/2025\/02\/OCI.jpg\" class=\"elementor-animation-hang attachment-full size-full wp-image-1191\" alt=\"\" srcset=\"http:\/\/187.237.124.202:8080\/utgz\/wp-content\/uploads\/2025\/02\/OCI.jpg 1066w, http:\/\/187.237.124.202:8080\/utgz\/wp-content\/uploads\/2025\/02\/OCI-300x225.jpg 300w, http:\/\/187.237.124.202:8080\/utgz\/wp-content\/uploads\/2025\/02\/OCI-1024x768.jpg 1024w, http:\/\/187.237.124.202:8080\/utgz\/wp-content\/uploads\/2025\/02\/OCI-768x576.jpg 768w\" sizes=\"(max-width: 1066px) 100vw, 1066px\" \/><\/a><\/figure><div class=\"elementor-image-box-content\"><h2 class=\"elementor-image-box-title\"><a href=\"http:\/\/187.237.124.202:8080\/utgz\/logistica-internacional\/\">LOG\u00cdSTICA INTERNACIONAL<\/a><\/h2><\/div><\/div>\t\t\t\t<\/div>\n\t\t\t\t<\/div>\n\t\t\t\t<\/div>\n\t\t<div class=\"elementor-element elementor-element-c7cbd2a e-con-full sombra-header e-flex e-con e-child\" data-id=\"c7cbd2a\" data-element_type=\"container\">\n\t\t\t\t<div class=\"elementor-element elementor-element-43388cc elementor-position-top elementor-invisible elementor-widget elementor-widget-image-box\" data-id=\"43388cc\" data-element_type=\"widget\" data-settings=\"{&quot;_animation&quot;:&quot;fadeInDown&quot;,&quot;_animation_delay&quot;:100}\" data-widget_type=\"image-box.default\">\n\t\t\t\t<div class=\"elementor-widget-container\">\n\t\t\t\t\t<div class=\"elementor-image-box-wrapper\"><figure class=\"elementor-image-box-img\"><a href=\"http:\/\/187.237.124.202:8080\/utgz\/mantenimiento-industrial\/\" tabindex=\"-1\"><img decoding=\"async\" width=\"1066\" height=\"800\" src=\"http:\/\/187.237.124.202:8080\/utgz\/wp-content\/uploads\/2025\/02\/MANTENIMIENTO.jpg\" class=\"elementor-animation-hang attachment-full size-full wp-image-1190\" alt=\"\" srcset=\"http:\/\/187.237.124.202:8080\/utgz\/wp-content\/uploads\/2025\/02\/MANTENIMIENTO.jpg 1066w, http:\/\/187.237.124.202:8080\/utgz\/wp-content\/uploads\/2025\/02\/MANTENIMIENTO-300x225.jpg 300w, http:\/\/187.237.124.202:8080\/utgz\/wp-content\/uploads\/2025\/02\/MANTENIMIENTO-1024x768.jpg 1024w, http:\/\/187.237.124.202:8080\/utgz\/wp-content\/uploads\/2025\/02\/MANTENIMIENTO-768x576.jpg 768w\" sizes=\"(max-width: 1066px) 100vw, 1066px\" \/><\/a><\/figure><div class=\"elementor-image-box-content\"><h2 class=\"elementor-image-box-title\"><a href=\"http:\/\/187.237.124.202:8080\/utgz\/mantenimiento-industrial\/\">MANTENIMIENTO INDUSTRIAL<\/a><\/h2><\/div><\/div>\t\t\t\t<\/div>\n\t\t\t\t<\/div>\n\t\t\t\t<\/div>\n\t\t<div class=\"elementor-element elementor-element-3e08737 e-con-full sombra-header e-flex e-con e-child\" data-id=\"3e08737\" data-element_type=\"container\">\n\t\t\t\t<div class=\"elementor-element elementor-element-7a13660 elementor-position-top elementor-invisible elementor-widget elementor-widget-image-box\" data-id=\"7a13660\" data-element_type=\"widget\" data-settings=\"{&quot;_animation&quot;:&quot;fadeInDown&quot;,&quot;_animation_delay&quot;:100}\" data-widget_type=\"image-box.default\">\n\t\t\t\t<div class=\"elementor-widget-container\">\n\t\t\t\t\t<div class=\"elementor-image-box-wrapper\"><figure class=\"elementor-image-box-img\"><a href=\"http:\/\/187.237.124.202:8080\/utgz\/contaduria-2\/\" tabindex=\"-1\"><img loading=\"lazy\" decoding=\"async\" width=\"1066\" height=\"800\" src=\"http:\/\/187.237.124.202:8080\/utgz\/wp-content\/uploads\/2025\/02\/CONTADURIA.jpg\" class=\"elementor-animation-hang attachment-full size-full wp-image-1198\" alt=\"\" srcset=\"http:\/\/187.237.124.202:8080\/utgz\/wp-content\/uploads\/2025\/02\/CONTADURIA.jpg 1066w, http:\/\/187.237.124.202:8080\/utgz\/wp-content\/uploads\/2025\/02\/CONTADURIA-300x225.jpg 300w, http:\/\/187.237.124.202:8080\/utgz\/wp-content\/uploads\/2025\/02\/CONTADURIA-1024x768.jpg 1024w, http:\/\/187.237.124.202:8080\/utgz\/wp-content\/uploads\/2025\/02\/CONTADURIA-768x576.jpg 768w\" sizes=\"(max-width: 1066px) 100vw, 1066px\" \/><\/a><\/figure><div class=\"elementor-image-box-content\"><h2 class=\"elementor-image-box-title\"><a href=\"http:\/\/187.237.124.202:8080\/utgz\/contaduria-2\/\">CONTADUR\u00cdA<\/a><\/h2><\/div><\/div>\t\t\t\t<\/div>\n\t\t\t\t<\/div>\n\t\t\t\t<\/div>\n\t\t\t\t<\/div>\n\t\t<div class=\"elementor-element elementor-element-b897a74 e-con-full e-flex elementor-invisible e-con e-child\" data-id=\"b897a74\" data-element_type=\"container\" data-settings=\"{&quot;animation&quot;:&quot;fadeIn&quot;,&quot;animation_delay&quot;:25}\">\n\t\t<div class=\"elementor-element elementor-element-ae43abc e-con-full sombra-header e-flex e-con e-child\" data-id=\"ae43abc\" data-element_type=\"container\">\n\t\t\t\t<div class=\"elementor-element elementor-element-8b45613 elementor-position-top elementor-invisible elementor-widget elementor-widget-image-box\" data-id=\"8b45613\" data-element_type=\"widget\" data-settings=\"{&quot;_animation&quot;:&quot;fadeInDown&quot;,&quot;_animation_delay&quot;:100}\" data-widget_type=\"image-box.default\">\n\t\t\t\t<div class=\"elementor-widget-container\">\n\t\t\t\t\t<div class=\"elementor-image-box-wrapper\"><figure class=\"elementor-image-box-img\"><a href=\"http:\/\/187.237.124.202:8080\/utgz\/quimica-2\/\" tabindex=\"-1\"><img loading=\"lazy\" decoding=\"async\" width=\"1066\" height=\"800\" src=\"http:\/\/187.237.124.202:8080\/utgz\/wp-content\/uploads\/2025\/02\/QUIMICA.jpg\" class=\"elementor-animation-hang attachment-full size-full wp-image-1192\" alt=\"\" srcset=\"http:\/\/187.237.124.202:8080\/utgz\/wp-content\/uploads\/2025\/02\/QUIMICA.jpg 1066w, http:\/\/187.237.124.202:8080\/utgz\/wp-content\/uploads\/2025\/02\/QUIMICA-300x225.jpg 300w, http:\/\/187.237.124.202:8080\/utgz\/wp-content\/uploads\/2025\/02\/QUIMICA-1024x768.jpg 1024w, http:\/\/187.237.124.202:8080\/utgz\/wp-content\/uploads\/2025\/02\/QUIMICA-768x576.jpg 768w\" sizes=\"(max-width: 1066px) 100vw, 1066px\" \/><\/a><\/figure><div class=\"elementor-image-box-content\"><h2 class=\"elementor-image-box-title\"><a href=\"http:\/\/187.237.124.202:8080\/utgz\/quimica-2\/\">QU\u00cdMICA<\/a><\/h2><\/div><\/div>\t\t\t\t<\/div>\n\t\t\t\t<\/div>\n\t\t\t\t<\/div>\n\t\t<div class=\"elementor-element elementor-element-b41be52 e-con-full sombra-header e-flex e-con e-child\" data-id=\"b41be52\" data-element_type=\"container\">\n\t\t\t\t<div class=\"elementor-element elementor-element-09805a6 elementor-position-top elementor-invisible elementor-widget elementor-widget-image-box\" data-id=\"09805a6\" data-element_type=\"widget\" data-settings=\"{&quot;_animation&quot;:&quot;fadeInDown&quot;,&quot;_animation_delay&quot;:100}\" data-widget_type=\"image-box.default\">\n\t\t\t\t<div class=\"elementor-widget-container\">\n\t\t\t\t\t<div class=\"elementor-image-box-wrapper\"><figure class=\"elementor-image-box-img\"><a href=\"http:\/\/187.237.124.202:8080\/utgz\/energia-y-desarrollo-sostenible-2\/\" tabindex=\"-1\"><img loading=\"lazy\" decoding=\"async\" width=\"1066\" height=\"800\" src=\"http:\/\/187.237.124.202:8080\/utgz\/wp-content\/uploads\/2025\/02\/ENERGIAS.jpg\" class=\"elementor-animation-hang attachment-full size-full wp-image-1199\" alt=\"\" srcset=\"http:\/\/187.237.124.202:8080\/utgz\/wp-content\/uploads\/2025\/02\/ENERGIAS.jpg 1066w, http:\/\/187.237.124.202:8080\/utgz\/wp-content\/uploads\/2025\/02\/ENERGIAS-300x225.jpg 300w, http:\/\/187.237.124.202:8080\/utgz\/wp-content\/uploads\/2025\/02\/ENERGIAS-1024x768.jpg 1024w, http:\/\/187.237.124.202:8080\/utgz\/wp-content\/uploads\/2025\/02\/ENERGIAS-768x576.jpg 768w\" sizes=\"(max-width: 1066px) 100vw, 1066px\" \/><\/a><\/figure><div class=\"elementor-image-box-content\"><h2 class=\"elementor-image-box-title\"><a href=\"http:\/\/187.237.124.202:8080\/utgz\/energia-y-desarrollo-sostenible-2\/\">ENERG\u00cdA Y DESARROLLO SOSTENIBLE<\/a><\/h2><\/div><\/div>\t\t\t\t<\/div>\n\t\t\t\t<\/div>\n\t\t\t\t<\/div>\n\t\t<div class=\"elementor-element elementor-element-9e13f64 e-con-full sombra-header e-flex e-con e-child\" data-id=\"9e13f64\" data-element_type=\"container\">\n\t\t\t\t<div class=\"elementor-element elementor-element-922d7e0 elementor-position-top elementor-invisible elementor-widget elementor-widget-image-box\" data-id=\"922d7e0\" data-element_type=\"widget\" data-settings=\"{&quot;_animation&quot;:&quot;fadeInDown&quot;,&quot;_animation_delay&quot;:100}\" data-widget_type=\"image-box.default\">\n\t\t\t\t<div class=\"elementor-widget-container\">\n\t\t\t\t\t<div class=\"elementor-image-box-wrapper\"><figure class=\"elementor-image-box-img\"><a href=\"http:\/\/187.237.124.202:8080\/utgz\/administracion-3\/\" tabindex=\"-1\"><img loading=\"lazy\" decoding=\"async\" width=\"1066\" height=\"800\" src=\"http:\/\/187.237.124.202:8080\/utgz\/wp-content\/uploads\/2025\/02\/ADMINISTRACION.jpg\" class=\"elementor-animation-hang attachment-full size-full wp-image-1196\" alt=\"\" srcset=\"http:\/\/187.237.124.202:8080\/utgz\/wp-content\/uploads\/2025\/02\/ADMINISTRACION.jpg 1066w, http:\/\/187.237.124.202:8080\/utgz\/wp-content\/uploads\/2025\/02\/ADMINISTRACION-300x225.jpg 300w, http:\/\/187.237.124.202:8080\/utgz\/wp-content\/uploads\/2025\/02\/ADMINISTRACION-1024x768.jpg 1024w, http:\/\/187.237.124.202:8080\/utgz\/wp-content\/uploads\/2025\/02\/ADMINISTRACION-768x576.jpg 768w\" sizes=\"(max-width: 1066px) 100vw, 1066px\" \/><\/a><\/figure><div class=\"elementor-image-box-content\"><h2 class=\"elementor-image-box-title\"><a href=\"http:\/\/187.237.124.202:8080\/utgz\/administracion-3\/\">ADMINISTRACI\u00d3N<\/a><\/h2><\/div><\/div>\t\t\t\t<\/div>\n\t\t\t\t<\/div>\n\t\t\t\t<\/div>\n\t\t<div class=\"elementor-element elementor-element-2726b25 e-con-full sombra-header e-flex e-con e-child\" data-id=\"2726b25\" data-element_type=\"container\">\n\t\t\t\t<div class=\"elementor-element elementor-element-2625d12 elementor-position-top elementor-invisible elementor-widget elementor-widget-image-box\" data-id=\"2625d12\" data-element_type=\"widget\" data-settings=\"{&quot;_animation&quot;:&quot;fadeInDown&quot;,&quot;_animation_delay&quot;:100}\" data-widget_type=\"image-box.default\">\n\t\t\t\t<div class=\"elementor-widget-container\">\n\t\t\t\t\t<div class=\"elementor-image-box-wrapper\"><figure class=\"elementor-image-box-img\"><a href=\"http:\/\/187.237.124.202:8080\/utgz\/gestion-y-desarrollo-turistico\/\" tabindex=\"-1\"><img loading=\"lazy\" decoding=\"async\" width=\"1066\" height=\"800\" src=\"http:\/\/187.237.124.202:8080\/utgz\/wp-content\/uploads\/2025\/02\/TURISMO.jpg\" class=\"elementor-animation-hang attachment-full size-full wp-image-1195\" alt=\"\" srcset=\"http:\/\/187.237.124.202:8080\/utgz\/wp-content\/uploads\/2025\/02\/TURISMO.jpg 1066w, http:\/\/187.237.124.202:8080\/utgz\/wp-content\/uploads\/2025\/02\/TURISMO-300x225.jpg 300w, http:\/\/187.237.124.202:8080\/utgz\/wp-content\/uploads\/2025\/02\/TURISMO-1024x768.jpg 1024w, http:\/\/187.237.124.202:8080\/utgz\/wp-content\/uploads\/2025\/02\/TURISMO-768x576.jpg 768w\" sizes=\"(max-width: 1066px) 100vw, 1066px\" \/><\/a><\/figure><div class=\"elementor-image-box-content\"><h2 class=\"elementor-image-box-title\"><a href=\"http:\/\/187.237.124.202:8080\/utgz\/gestion-y-desarrollo-turistico\/\">GESTI\u00d3N Y DESARROLLO TUR\u00cdSTICO<\/a><\/h2><\/div><\/div>\t\t\t\t<\/div>\n\t\t\t\t<\/div>\n\t\t\t\t<\/div>\n\t\t\t\t<\/div>\n\t\t<div class=\"elementor-element elementor-element-de695a0 e-con-full e-flex elementor-invisible e-con e-child\" data-id=\"de695a0\" data-element_type=\"container\" data-settings=\"{&quot;animation&quot;:&quot;fadeIn&quot;,&quot;animation_delay&quot;:25}\">\n\t\t<div class=\"elementor-element elementor-element-39e0f41 e-con-full sombra-header e-flex e-con e-child\" data-id=\"39e0f41\" data-element_type=\"container\">\n\t\t\t\t<div class=\"elementor-element elementor-element-7445b92 elementor-position-top elementor-invisible elementor-widget elementor-widget-image-box\" data-id=\"7445b92\" data-element_type=\"widget\" data-settings=\"{&quot;_animation&quot;:&quot;fadeInDown&quot;,&quot;_animation_delay&quot;:100}\" data-widget_type=\"image-box.default\">\n\t\t\t\t<div class=\"elementor-widget-container\">\n\t\t\t\t\t<div class=\"elementor-image-box-wrapper\"><figure class=\"elementor-image-box-img\"><a href=\"http:\/\/187.237.124.202:8080\/utgz\/educacion\/\" tabindex=\"-1\"><img loading=\"lazy\" decoding=\"async\" width=\"1066\" height=\"800\" src=\"http:\/\/187.237.124.202:8080\/utgz\/wp-content\/uploads\/2025\/02\/LENGUA-INGLESA.jpg\" class=\"elementor-animation-hang attachment-full size-full wp-image-1189\" alt=\"\" srcset=\"http:\/\/187.237.124.202:8080\/utgz\/wp-content\/uploads\/2025\/02\/LENGUA-INGLESA.jpg 1066w, http:\/\/187.237.124.202:8080\/utgz\/wp-content\/uploads\/2025\/02\/LENGUA-INGLESA-300x225.jpg 300w, http:\/\/187.237.124.202:8080\/utgz\/wp-content\/uploads\/2025\/02\/LENGUA-INGLESA-1024x768.jpg 1024w, http:\/\/187.237.124.202:8080\/utgz\/wp-content\/uploads\/2025\/02\/LENGUA-INGLESA-768x576.jpg 768w\" sizes=\"(max-width: 1066px) 100vw, 1066px\" \/><\/a><\/figure><div class=\"elementor-image-box-content\"><h2 class=\"elementor-image-box-title\"><a href=\"http:\/\/187.237.124.202:8080\/utgz\/educacion\/\">EDUCACI\u00d3N<\/a><\/h2><\/div><\/div>\t\t\t\t<\/div>\n\t\t\t\t<\/div>\n\t\t\t\t<\/div>\n\t\t<div class=\"elementor-element elementor-element-2044dcd e-con-full sombra-header e-flex e-con e-child\" data-id=\"2044dcd\" data-element_type=\"container\">\n\t\t\t\t<div class=\"elementor-element elementor-element-17627a8 elementor-position-top elementor-invisible elementor-widget elementor-widget-image-box\" data-id=\"17627a8\" data-element_type=\"widget\" data-settings=\"{&quot;_animation&quot;:&quot;fadeInDown&quot;,&quot;_animation_delay&quot;:100}\" data-widget_type=\"image-box.default\">\n\t\t\t\t<div class=\"elementor-widget-container\">\n\t\t\t\t\t<div class=\"elementor-image-box-wrapper\"><figure class=\"elementor-image-box-img\"><a href=\"http:\/\/187.237.124.202:8080\/utgz\/tecnologias-de-la-informacion-e-innovacion-digital\/\" tabindex=\"-1\"><img loading=\"lazy\" decoding=\"async\" width=\"1066\" height=\"800\" src=\"http:\/\/187.237.124.202:8080\/utgz\/wp-content\/uploads\/2025\/02\/TICS.jpg\" class=\"elementor-animation-hang attachment-full size-full wp-image-1194\" alt=\"\" srcset=\"http:\/\/187.237.124.202:8080\/utgz\/wp-content\/uploads\/2025\/02\/TICS.jpg 1066w, http:\/\/187.237.124.202:8080\/utgz\/wp-content\/uploads\/2025\/02\/TICS-300x225.jpg 300w, http:\/\/187.237.124.202:8080\/utgz\/wp-content\/uploads\/2025\/02\/TICS-1024x768.jpg 1024w, http:\/\/187.237.124.202:8080\/utgz\/wp-content\/uploads\/2025\/02\/TICS-768x576.jpg 768w\" sizes=\"(max-width: 1066px) 100vw, 1066px\" \/><\/a><\/figure><div class=\"elementor-image-box-content\"><h2 class=\"elementor-image-box-title\"><a href=\"http:\/\/187.237.124.202:8080\/utgz\/tecnologias-de-la-informacion-e-innovacion-digital\/\">TECNOLOG\u00cdAS DE LA INFORMACI\u00d3N E INNOVACI\u00d3N DIGITAL<\/a><\/h2><\/div><\/div>\t\t\t\t<\/div>\n\t\t\t\t<\/div>\n\t\t\t\t<\/div>\n\t\t<div class=\"elementor-element elementor-element-2341422 e-con-full sombra-header e-flex e-con e-child\" data-id=\"2341422\" data-element_type=\"container\">\n\t\t\t\t<div class=\"elementor-element elementor-element-ecabadb elementor-position-top elementor-invisible elementor-widget elementor-widget-image-box\" data-id=\"ecabadb\" data-element_type=\"widget\" data-settings=\"{&quot;_animation&quot;:&quot;fadeInDown&quot;,&quot;_animation_delay&quot;:100}\" data-widget_type=\"image-box.default\">\n\t\t\t\t<div class=\"elementor-widget-container\">\n\t\t\t\t\t<div class=\"elementor-image-box-wrapper\"><figure class=\"elementor-image-box-img\"><a href=\"http:\/\/187.237.124.202:8080\/utgz\/gastronomia\/\" tabindex=\"-1\"><img loading=\"lazy\" decoding=\"async\" width=\"1066\" height=\"1035\" src=\"http:\/\/187.237.124.202:8080\/utgz\/wp-content\/uploads\/2025\/02\/GASTRONOMIA-c.png\" class=\"elementor-animation-hang attachment-full size-full wp-image-1200\" alt=\"\" srcset=\"http:\/\/187.237.124.202:8080\/utgz\/wp-content\/uploads\/2025\/02\/GASTRONOMIA-c.png 1066w, http:\/\/187.237.124.202:8080\/utgz\/wp-content\/uploads\/2025\/02\/GASTRONOMIA-c-300x291.png 300w, http:\/\/187.237.124.202:8080\/utgz\/wp-content\/uploads\/2025\/02\/GASTRONOMIA-c-1024x994.png 1024w, http:\/\/187.237.124.202:8080\/utgz\/wp-content\/uploads\/2025\/02\/GASTRONOMIA-c-768x746.png 768w\" sizes=\"(max-width: 1066px) 100vw, 1066px\" \/><\/a><\/figure><div class=\"elementor-image-box-content\"><h2 class=\"elementor-image-box-title\"><a href=\"http:\/\/187.237.124.202:8080\/utgz\/gastronomia\/\">GASTRONOM\u00cdA<\/a><\/h2><\/div><\/div>\t\t\t\t<\/div>\n\t\t\t\t<\/div>\n\t\t\t\t<\/div>\n\t\t<div class=\"elementor-element elementor-element-bbad18e e-con-full sombra-header e-flex e-con e-child\" data-id=\"bbad18e\" data-element_type=\"container\">\n\t\t\t\t<div class=\"elementor-element elementor-element-f8605f5 elementor-position-top elementor-invisible elementor-widget elementor-widget-image-box\" data-id=\"f8605f5\" data-element_type=\"widget\" data-settings=\"{&quot;_animation&quot;:&quot;fadeInDown&quot;,&quot;_animation_delay&quot;:100}\" data-widget_type=\"image-box.default\">\n\t\t\t\t<div class=\"elementor-widget-container\">\n\t\t\t\t\t<div class=\"elementor-image-box-wrapper\"><figure class=\"elementor-image-box-img\"><a href=\"http:\/\/187.237.124.202:8080\/utgz\/mantenimiento-petroleo\/\" tabindex=\"-1\"><img decoding=\"async\" width=\"1066\" height=\"800\" src=\"http:\/\/187.237.124.202:8080\/utgz\/wp-content\/uploads\/2025\/02\/MANTENIMIENTO.jpg\" class=\"elementor-animation-hang attachment-full size-full wp-image-1190\" alt=\"\" srcset=\"http:\/\/187.237.124.202:8080\/utgz\/wp-content\/uploads\/2025\/02\/MANTENIMIENTO.jpg 1066w, http:\/\/187.237.124.202:8080\/utgz\/wp-content\/uploads\/2025\/02\/MANTENIMIENTO-300x225.jpg 300w, http:\/\/187.237.124.202:8080\/utgz\/wp-content\/uploads\/2025\/02\/MANTENIMIENTO-1024x768.jpg 1024w, http:\/\/187.237.124.202:8080\/utgz\/wp-content\/uploads\/2025\/02\/MANTENIMIENTO-768x576.jpg 768w\" sizes=\"(max-width: 1066px) 100vw, 1066px\" \/><\/a><\/figure><div class=\"elementor-image-box-content\"><h2 class=\"elementor-image-box-title\"><a href=\"http:\/\/187.237.124.202:8080\/utgz\/mantenimiento-petroleo\/\">MANTENIMIENTO PETR\u00d3LEO<\/a><\/h2><\/div><\/div>\t\t\t\t<\/div>\n\t\t\t\t<\/div>\n\t\t\t\t<\/div>\n\t\t\t\t<\/div>\n\t\t<div class=\"elementor-element elementor-element-ade709d e-con-full e-flex e-con e-child\" data-id=\"ade709d\" data-element_type=\"container\">\n\t\t\t\t<\/div>\n\t\t\t\t\t<\/div>\n\t\t\t\t<\/div>\n\t\t\t\t<\/div>\n\t\t","protected":false},"excerpt":{"rendered":"<p>OFERTA EDUCATIVA AGROBIOTECNOLOG\u00cdA LOG\u00cdSTICA INTERNACIONAL MANTENIMIENTO INDUSTRIAL CONTADUR\u00cdA QU\u00cdMICA ENERG\u00cdA Y DESARROLLO SOSTENIBLE ADMINISTRACI\u00d3N GESTI\u00d3N Y DESARROLLO TUR\u00cdSTICO EDUCACI\u00d3N TECNOLOG\u00cdAS DE LA INFORMACI\u00d3N E INNOVACI\u00d3N DIGITAL GASTRONOM\u00cdA MANTENIMIENTO PETR\u00d3LEO<\/p>\n","protected":false},"author":1,"featured_media":0,"parent":0,"menu_order":0,"comment_status":"closed","ping_status":"closed","template":"elementor_header_footer","meta":{"footnotes":""},"class_list":["post-1244","page","type-page","status-publish","hentry"],"_links":{"self":[{"href":"http:\/\/187.237.124.202:8080\/utgz\/wp-json\/wp\/v2\/pages\/1244","targetHints":{"allow":["GET"]}}],"collection":[{"href":"http:\/\/187.237.124.202:8080\/utgz\/wp-json\/wp\/v2\/pages"}],"about":[{"href":"http:\/\/187.237.124.202:8080\/utgz\/wp-json\/wp\/v2\/types\/page"}],"author":[{"embeddable":true,"href":"http:\/\/187.237.124.202:8080\/utgz\/wp-json\/wp\/v2\/users\/1"}],"replies":[{"embeddable":true,"href":"http:\/\/187.237.124.202:8080\/utgz\/wp-json\/wp\/v2\/comments?post=1244"}],"version-history":[{"count":0,"href":"http:\/\/187.237.124.202:8080\/utgz\/wp-json\/wp\/v2\/pages\/1244\/revisions"}],"wp:attachment":[{"href":"http:\/\/187.237.124.202:8080\/utgz\/wp-json\/wp\/v2\/media?parent=1244"}],"curies":[{"name":"wp","href":"https:\/\/api.w.org\/{rel}","templated":true}]}}