{"id":1269,"date":"2025-03-01T13:38:32","date_gmt":"2025-03-01T19:38:32","guid":{"rendered":"http:\/\/192.168.2.180\/utgz\/?page_id=1269"},"modified":"2026-01-28T11:28:40","modified_gmt":"2026-01-28T17:28:40","slug":"entidad","status":"publish","type":"page","link":"http:\/\/187.237.124.202:8080\/utgz\/entidad\/","title":{"rendered":"Entidad"},"content":{"rendered":"\t\t<div data-elementor-type=\"wp-page\" data-elementor-id=\"1269\" class=\"elementor elementor-1269\">\n\t\t\t\t<div class=\"elementor-element elementor-element-7b9f4ce e-flex e-con-boxed e-con e-parent\" data-id=\"7b9f4ce\" data-element_type=\"container\">\n\t\t\t\t\t<div class=\"e-con-inner\">\n\t\t\t\t<div class=\"elementor-element elementor-element-c2e2e39 elementor-widget elementor-widget-text-editor\" data-id=\"c2e2e39\" data-element_type=\"widget\" data-widget_type=\"text-editor.default\">\n\t\t\t\t<div class=\"elementor-widget-container\">\n\t\t\t\t\t\t\t\t\t<p>ENTIDAD DE CERTIFICACI\u00d3N Y EVALUACI\u00d3N<\/p>\t\t\t\t\t\t\t\t<\/div>\n\t\t\t\t<\/div>\n\t\t\t\t<div class=\"elementor-element elementor-element-b2f8ab3 custom-hr elementor-widget-divider--view-line elementor-widget elementor-widget-divider\" data-id=\"b2f8ab3\" data-element_type=\"widget\" data-widget_type=\"divider.default\">\n\t\t\t\t<div class=\"elementor-widget-container\">\n\t\t\t\t\t\t\t<div class=\"elementor-divider\">\n\t\t\t<span class=\"elementor-divider-separator\">\n\t\t\t\t\t\t<\/span>\n\t\t<\/div>\n\t\t\t\t\t\t<\/div>\n\t\t\t\t<\/div>\n\t\t\t\t\t<\/div>\n\t\t\t\t<\/div>\n\t\t<div class=\"elementor-element elementor-element-31e81c7 e-flex e-con-boxed e-con e-parent\" data-id=\"31e81c7\" data-element_type=\"container\">\n\t\t\t\t\t<div class=\"e-con-inner\">\n\t\t\t\t<div class=\"elementor-element elementor-element-ab46bea elementor-widget elementor-widget-text-editor\" data-id=\"ab46bea\" data-element_type=\"widget\" data-widget_type=\"text-editor.default\">\n\t\t\t\t<div class=\"elementor-widget-container\">\n\t\t\t\t\t\t\t\t\tLa Entidad de Certificaci\u00f3n y Evaluaci\u00f3n de la Universidad Tecnol\u00f3gica de Guti\u00e9rrez Zamora, es una instituci\u00f3n p\u00fablica acreditada por el <strong>CONOCER <\/strong>(<strong>Consejo Nacional de Normalizaci\u00f3n y Certificaci\u00f3n de Competencias Laborales<\/strong>), para capacitar, evaluar y certificar las competencias laborales de las personas con base a Est\u00e1ndares de Competencia inscritos en el Registro Nacional de Est\u00e1ndares de Competencias.\t\t\t\t\t\t\t\t<\/div>\n\t\t\t\t<\/div>\n\t\t<div class=\"elementor-element elementor-element-15ac81a e-con-full e-flex e-con e-child\" data-id=\"15ac81a\" data-element_type=\"container\">\n\t\t\t\t<div class=\"elementor-element elementor-element-2391a80 sombra-fotos elementor-widget elementor-widget-image\" data-id=\"2391a80\" data-element_type=\"widget\" data-widget_type=\"image.default\">\n\t\t\t\t<div class=\"elementor-widget-container\">\n\t\t\t\t\t\t\t\t\t\t\t\t\t\t\t<img fetchpriority=\"high\" decoding=\"async\" width=\"781\" height=\"1024\" src=\"http:\/\/187.237.124.202:8080\/utgz\/wp-content\/uploads\/2025\/03\/Cedula-ECE251-16-781x1024.jpg\" class=\"attachment-large size-large wp-image-1655\" alt=\"\" srcset=\"http:\/\/187.237.124.202:8080\/utgz\/wp-content\/uploads\/2025\/03\/Cedula-ECE251-16-781x1024.jpg 781w, http:\/\/187.237.124.202:8080\/utgz\/wp-content\/uploads\/2025\/03\/Cedula-ECE251-16-229x300.jpg 229w, http:\/\/187.237.124.202:8080\/utgz\/wp-content\/uploads\/2025\/03\/Cedula-ECE251-16-768x1007.jpg 768w, http:\/\/187.237.124.202:8080\/utgz\/wp-content\/uploads\/2025\/03\/Cedula-ECE251-16.jpg 1000w\" sizes=\"(max-width: 781px) 100vw, 781px\" \/>\t\t\t\t\t\t\t\t\t\t\t\t\t\t\t<\/div>\n\t\t\t\t<\/div>\n\t\t\t\t<\/div>\n\t\t\t\t\t<\/div>\n\t\t\t\t<\/div>\n\t\t<div class=\"elementor-element elementor-element-ef1b7be e-flex e-con-boxed e-con e-parent\" data-id=\"ef1b7be\" data-element_type=\"container\">\n\t\t\t\t\t<div class=\"e-con-inner\">\n\t\t<div class=\"elementor-element elementor-element-e87cbb6 e-con-full e-flex e-con e-child\" data-id=\"e87cbb6\" data-element_type=\"container\">\n\t\t\t\t<div class=\"elementor-element elementor-element-f7789ae elementor-widget elementor-widget-text-editor\" data-id=\"f7789ae\" data-element_type=\"widget\" data-widget_type=\"text-editor.default\">\n\t\t\t\t<div class=\"elementor-widget-container\">\n\t\t\t\t\t\t\t\t\t<p>\u00bfQU\u00c9 ES EL CONOCER?<\/p>\t\t\t\t\t\t\t\t<\/div>\n\t\t\t\t<\/div>\n\t\t\t\t<div class=\"elementor-element elementor-element-2810b65 elementor-widget elementor-widget-image\" data-id=\"2810b65\" data-element_type=\"widget\" data-widget_type=\"image.default\">\n\t\t\t\t<div class=\"elementor-widget-container\">\n\t\t\t\t\t\t\t\t\t\t\t\t\t\t\t<img decoding=\"async\" width=\"300\" height=\"170\" src=\"http:\/\/187.237.124.202:8080\/utgz\/wp-content\/uploads\/2025\/02\/conocer-01.png\" class=\"attachment-large size-large wp-image-1228\" alt=\"\" \/>\t\t\t\t\t\t\t\t\t\t\t\t\t\t\t<\/div>\n\t\t\t\t<\/div>\n\t\t\t\t<div class=\"elementor-element elementor-element-2584a1e elementor-widget elementor-widget-text-editor\" data-id=\"2584a1e\" data-element_type=\"widget\" data-widget_type=\"text-editor.default\">\n\t\t\t\t<div class=\"elementor-widget-container\">\n\t\t\t\t\t\t\t\t\t<p>A trav\u00e9s del Sistema Nacional de Competencias el Consejo Nacional de Normalizaci\u00f3n y Certificaci\u00f3n de Competencias Laborales (CONOCER)\u00a0\u00a0<strong>busca que M\u00e9xico tenga empresarios, trabajadores, docentes, estudiantes y servidores p\u00fablicos m\u00e1s competentes.<\/strong><\/p>\t\t\t\t\t\t\t\t<\/div>\n\t\t\t\t<\/div>\n\t\t\t\t<\/div>\n\t\t<div class=\"elementor-element elementor-element-5c1b30b e-con-full e-flex e-con e-child\" data-id=\"5c1b30b\" data-element_type=\"container\">\n\t\t\t\t<div class=\"elementor-element elementor-element-41f1c43 elementor-widget elementor-widget-text-editor\" data-id=\"41f1c43\" data-element_type=\"widget\" data-widget_type=\"text-editor.default\">\n\t\t\t\t<div class=\"elementor-widget-container\">\n\t\t\t\t\t\t\t\t\t<p>\u00bfQU\u00c9 OBTENGO AL CERTIFICAR MIS COMPETENCIAS?<\/p>\t\t\t\t\t\t\t\t<\/div>\n\t\t\t\t<\/div>\n\t\t\t\t<div class=\"elementor-element elementor-element-c3108a9 elementor-widget elementor-widget-text-editor\" data-id=\"c3108a9\" data-element_type=\"widget\" data-widget_type=\"text-editor.default\">\n\t\t\t\t<div class=\"elementor-widget-container\">\n\t\t\t\t\t\t\t\t\t<ul><li>Reconocimiento de la SEP.<\/li><li>Mejores salarios.<\/li><li>Mejores empleos.<\/li><li>Movilidad laboral.<\/li><li>Reconocimiento a tu trabajo.<\/li><li>Superaci\u00f3n personal.<\/li><\/ul>\t\t\t\t\t\t\t\t<\/div>\n\t\t\t\t<\/div>\n\t\t\t\t<div class=\"elementor-element elementor-element-8995c40 sombra-fotos elementor-widget elementor-widget-image\" data-id=\"8995c40\" data-element_type=\"widget\" data-widget_type=\"image.default\">\n\t\t\t\t<div class=\"elementor-widget-container\">\n\t\t\t\t\t\t\t\t\t\t\t\t\t\t\t<img decoding=\"async\" width=\"800\" height=\"486\" src=\"http:\/\/187.237.124.202:8080\/utgz\/wp-content\/uploads\/2025\/03\/ecev-general-conocer-1024x622.jpg\" class=\"attachment-large size-large wp-image-1651\" alt=\"\" srcset=\"http:\/\/187.237.124.202:8080\/utgz\/wp-content\/uploads\/2025\/03\/ecev-general-conocer-1024x622.jpg 1024w, http:\/\/187.237.124.202:8080\/utgz\/wp-content\/uploads\/2025\/03\/ecev-general-conocer-300x182.jpg 300w, http:\/\/187.237.124.202:8080\/utgz\/wp-content\/uploads\/2025\/03\/ecev-general-conocer-768x466.jpg 768w, http:\/\/187.237.124.202:8080\/utgz\/wp-content\/uploads\/2025\/03\/ecev-general-conocer-1536x932.jpg 1536w, http:\/\/187.237.124.202:8080\/utgz\/wp-content\/uploads\/2025\/03\/ecev-general-conocer.jpg 2048w\" sizes=\"(max-width: 800px) 100vw, 800px\" \/>\t\t\t\t\t\t\t\t\t\t\t\t\t\t\t<\/div>\n\t\t\t\t<\/div>\n\t\t\t\t<\/div>\n\t\t\t\t\t<\/div>\n\t\t\t\t<\/div>\n\t\t<div class=\"elementor-element elementor-element-294f062 e-flex e-con-boxed e-con e-parent\" data-id=\"294f062\" data-element_type=\"container\">\n\t\t\t\t\t<div class=\"e-con-inner\">\n\t\t<div class=\"elementor-element elementor-element-463c974 e-con-full e-flex e-con e-child\" data-id=\"463c974\" data-element_type=\"container\">\n\t\t\t\t<div class=\"elementor-element elementor-element-18633ee elementor-widget elementor-widget-text-editor\" data-id=\"18633ee\" data-element_type=\"widget\" data-widget_type=\"text-editor.default\">\n\t\t\t\t<div class=\"elementor-widget-container\">\n\t\t\t\t\t\t\t\t\t<p>\u00bfQU\u00c9 ES UN EST\u00c1NDAR DE COMPETENCIA?<\/p>\t\t\t\t\t\t\t\t<\/div>\n\t\t\t\t<\/div>\n\t\t\t\t<div class=\"elementor-element elementor-element-0667482 elementor-widget elementor-widget-text-editor\" data-id=\"0667482\" data-element_type=\"widget\" data-widget_type=\"text-editor.default\">\n\t\t\t\t<div class=\"elementor-widget-container\">\n\t\t\t\t\t\t\t\t\tEs el documento oficial que sirve como referente para evaluar y certificar la competencia de las personas. El <STRONG>Est\u00e1ndar de Competencia<\/STRONG> describe el conjunto de conocimientos, habilidades, destrezas y actitudes, con las que debe contar una persona para ejecutar una actividad laboral, con un alto nivel de desempe\u00f1o.\t\t\t\t\t\t\t\t<\/div>\n\t\t\t\t<\/div>\n\t\t\t\t<\/div>\n\t\t<div class=\"elementor-element elementor-element-e996ebc e-con-full e-flex e-con e-child\" data-id=\"e996ebc\" data-element_type=\"container\">\n\t\t\t\t<div class=\"elementor-element elementor-element-7da0db2 elementor-widget elementor-widget-text-editor\" data-id=\"7da0db2\" data-element_type=\"widget\" data-widget_type=\"text-editor.default\">\n\t\t\t\t<div class=\"elementor-widget-container\">\n\t\t\t\t\t\t\t\t\t<p>PROCESO DE CERTIFICACI\u00d3N<\/p>\t\t\t\t\t\t\t\t<\/div>\n\t\t\t\t<\/div>\n\t\t\t\t<div class=\"elementor-element elementor-element-6894d43 elementor-widget elementor-widget-image\" data-id=\"6894d43\" data-element_type=\"widget\" data-widget_type=\"image.default\">\n\t\t\t\t<div class=\"elementor-widget-container\">\n\t\t\t\t\t\t\t\t\t\t\t\t\t\t\t<img loading=\"lazy\" decoding=\"async\" width=\"754\" height=\"1024\" src=\"http:\/\/187.237.124.202:8080\/utgz\/wp-content\/uploads\/2025\/03\/ecev-proceso-de-certificacion-OK-754x1024.jpg\" class=\"attachment-large size-large wp-image-1656\" alt=\"\" srcset=\"http:\/\/187.237.124.202:8080\/utgz\/wp-content\/uploads\/2025\/03\/ecev-proceso-de-certificacion-OK-754x1024.jpg 754w, http:\/\/187.237.124.202:8080\/utgz\/wp-content\/uploads\/2025\/03\/ecev-proceso-de-certificacion-OK-221x300.jpg 221w, http:\/\/187.237.124.202:8080\/utgz\/wp-content\/uploads\/2025\/03\/ecev-proceso-de-certificacion-OK-768x1043.jpg 768w, http:\/\/187.237.124.202:8080\/utgz\/wp-content\/uploads\/2025\/03\/ecev-proceso-de-certificacion-OK-1131x1536.jpg 1131w, http:\/\/187.237.124.202:8080\/utgz\/wp-content\/uploads\/2025\/03\/ecev-proceso-de-certificacion-OK-1508x2048.jpg 1508w, http:\/\/187.237.124.202:8080\/utgz\/wp-content\/uploads\/2025\/03\/ecev-proceso-de-certificacion-OK.jpg 1540w\" sizes=\"(max-width: 754px) 100vw, 754px\" \/>\t\t\t\t\t\t\t\t\t\t\t\t\t\t\t<\/div>\n\t\t\t\t<\/div>\n\t\t\t\t<\/div>\n\t\t\t\t\t<\/div>\n\t\t\t\t<\/div>\n\t\t<div class=\"elementor-element elementor-element-653d3fc e-flex e-con-boxed e-con e-parent\" data-id=\"653d3fc\" data-element_type=\"container\">\n\t\t\t\t\t<div class=\"e-con-inner\">\n\t\t\t\t<div class=\"elementor-element elementor-element-0dd07bb elementor-widget elementor-widget-text-editor\" data-id=\"0dd07bb\" data-element_type=\"widget\" data-widget_type=\"text-editor.default\">\n\t\t\t\t<div class=\"elementor-widget-container\">\n\t\t\t\t\t\t\t\t\t<p>EST\u00c1NDARES DE COMPETENCIA<\/p>\t\t\t\t\t\t\t\t<\/div>\n\t\t\t\t<\/div>\n\t\t\t\t<div class=\"elementor-element elementor-element-774626c elementor-widget elementor-widget-shortcode\" data-id=\"774626c\" data-element_type=\"widget\" data-widget_type=\"shortcode.default\">\n\t\t\t\t<div class=\"elementor-widget-container\">\n\t\t\t\t\t\t\t<div class=\"elementor-shortcode\">\n<table id=\"tablepress-2\" class=\"tablepress tablepress-id-2\">\n<tbody class=\"row-striping row-hover\">\n<tr class=\"row-1\">\n\t<td class=\"column-1\">C\u00d3DIGO DEL EST\u00c1NDAR<\/td><td class=\"column-2\">EC0076<\/td>\n<\/tr>\n<tr class=\"row-2\">\n\t<td class=\"column-1\">NIVEL<\/td><td class=\"column-2\">4<\/td>\n<\/tr>\n<tr class=\"row-3\">\n\t<td class=\"column-1\">NOMBRE DEL EST\u00c1NDAR<\/td><td class=\"column-2\">Evaluaci\u00f3n de la competencia de candidatos con base en Est\u00e1ndares de Competencia<\/td>\n<\/tr>\n<tr class=\"row-4\">\n\t<td class=\"column-1\">SECTOR<\/td><td class=\"column-2\">Servicios profesionales, cient\u00edficos y t\u00e9cnicos<\/td>\n<\/tr>\n<tr class=\"row-5\">\n\t<td class=\"column-1\">OCUPACIONES<\/td><td class=\"column-2\">Capacitador, Evaluador, Facilitador, Instructor.<\/td>\n<\/tr>\n<tr class=\"row-6\">\n\t<td class=\"column-1\">- - - -<\/td><td class=\"column-2\"><\/td>\n<\/tr>\n<tr class=\"row-7\">\n\t<td class=\"column-1\">C\u00d3DIGO DEL EST\u00c1NDAR<\/td><td class=\"column-2\">EC0217.01<\/td>\n<\/tr>\n<tr class=\"row-8\">\n\t<td class=\"column-1\">NIVEL<\/td><td class=\"column-2\">3<\/td>\n<\/tr>\n<tr class=\"row-9\">\n\t<td class=\"column-1\">NOMBRE DEL EST\u00c1NDAR<\/td><td class=\"column-2\">Impartici\u00f3n de cursos de formaci\u00f3n del capital humano de manera presencial grupal<\/td>\n<\/tr>\n<tr class=\"row-10\">\n\t<td class=\"column-1\">SECTOR<\/td><td class=\"column-2\">Servicios educativos<\/td>\n<\/tr>\n<tr class=\"row-11\">\n\t<td class=\"column-1\">OCUPACIONES<\/td><td class=\"column-2\">Capacitador, Facilitador, Instructor.<\/td>\n<\/tr>\n<tr class=\"row-12\">\n\t<td class=\"column-1\">- - - -<\/td><td class=\"column-2\"><\/td>\n<\/tr>\n<tr class=\"row-13\">\n\t<td class=\"column-1\">C\u00d3DIGO DEL EST\u00c1NDAR<\/td><td class=\"column-2\">EC0305<\/td>\n<\/tr>\n<tr class=\"row-14\">\n\t<td class=\"column-1\">NIVEL<\/td><td class=\"column-2\">2<\/td>\n<\/tr>\n<tr class=\"row-15\">\n\t<td class=\"column-1\">NOMBRE DEL EST\u00c1NDAR<\/td><td class=\"column-2\">Prestaci\u00f3n de servicios de atenci\u00f3n a clientes<\/td>\n<\/tr>\n<tr class=\"row-16\">\n\t<td class=\"column-1\">SECTOR<\/td><td class=\"column-2\">Servicios de apoyo a los negocios y manejo de desecho y servicios de remediaci\u00f3n<\/td>\n<\/tr>\n<tr class=\"row-17\">\n\t<td class=\"column-1\">OCUPACIONES<\/td><td class=\"column-2\">Empleado Informaci\u00f3n al P\u00fablico, Agente de Informaci\u00f3n, Recepcionista en General, Receptora de Quejas, Recepcionista Hospital, Recepcionista de Consultorio M\u00e9dico o Cl\u00ednica Dental, Recepcionista de Taller,  Empleado Informaci\u00f3n Pasajeros (L\u00edneas A\u00e9reas), Auxiliar Administrativo, Operador de Informaci\u00f3n Nacional, Telefonista.<\/td>\n<\/tr>\n<tr class=\"row-18\">\n\t<td class=\"column-1\">- - - -<\/td><td class=\"column-2\"><\/td>\n<\/tr>\n<tr class=\"row-19\">\n\t<td class=\"column-1\">C\u00d3DIGO DEL EST\u00c1NDAR<\/td><td class=\"column-2\">EC0105<br \/>\r\n<\/td>\n<\/tr>\n<tr class=\"row-20\">\n\t<td class=\"column-1\">NIVEL<\/td><td class=\"column-2\">2<\/td>\n<\/tr>\n<tr class=\"row-21\">\n\t<td class=\"column-1\">NOMBRE DEL EST\u00c1NDAR<\/td><td class=\"column-2\">Atenci\u00f3n al ciudadano en el sector p\u00fablico<\/td>\n<\/tr>\n<tr class=\"row-22\">\n\t<td class=\"column-1\">SECTOR<\/td><td class=\"column-2\">Administraci\u00f3n p\u00fablica en general.<\/td>\n<\/tr>\n<tr class=\"row-23\">\n\t<td class=\"column-1\">OCUPACIONES<\/td><td class=\"column-2\">Auxiliar administrativo, Clasificador de Correspondencia, Clasificador de Documentos.<\/td>\n<\/tr>\n<\/tbody>\n<\/table>\n<!-- #tablepress-2 from cache --><\/div>\n\t\t\t\t\t\t<\/div>\n\t\t\t\t<\/div>\n\t\t\t\t\t<\/div>\n\t\t\t\t<\/div>\n\t\t<div class=\"elementor-element elementor-element-2309010 e-flex e-con-boxed e-con e-parent\" data-id=\"2309010\" data-element_type=\"container\">\n\t\t\t\t\t<div class=\"e-con-inner\">\n\t\t\t\t<div class=\"elementor-element elementor-element-0b67412 elementor-widget elementor-widget-text-editor\" data-id=\"0b67412\" data-element_type=\"widget\" data-widget_type=\"text-editor.default\">\n\t\t\t\t<div class=\"elementor-widget-container\">\n\t\t\t\t\t\t\t\t\t<p>INFORMES:<\/p>\t\t\t\t\t\t\t\t<\/div>\n\t\t\t\t<\/div>\n\t\t\t\t<div class=\"elementor-element elementor-element-44bb94d elementor-widget elementor-widget-spacer\" data-id=\"44bb94d\" data-element_type=\"widget\" data-widget_type=\"spacer.default\">\n\t\t\t\t<div class=\"elementor-widget-container\">\n\t\t\t\t\t\t\t<div class=\"elementor-spacer\">\n\t\t\t<div class=\"elementor-spacer-inner\"><\/div>\n\t\t<\/div>\n\t\t\t\t\t\t<\/div>\n\t\t\t\t<\/div>\n\t\t\t\t<div class=\"elementor-element elementor-element-78fd6c6 elementor-align-start elementor-icon-list--layout-traditional elementor-list-item-link-full_width elementor-widget elementor-widget-icon-list\" data-id=\"78fd6c6\" data-element_type=\"widget\" data-widget_type=\"icon-list.default\">\n\t\t\t\t<div class=\"elementor-widget-container\">\n\t\t\t\t\t\t\t<ul class=\"elementor-icon-list-items\">\n\t\t\t\t\t\t\t<li class=\"elementor-icon-list-item\">\n\t\t\t\t\t\t\t\t\t\t\t<span class=\"elementor-icon-list-icon\">\n\t\t\t\t\t\t\t<svg aria-hidden=\"true\" class=\"e-font-icon-svg e-fas-user\" viewBox=\"0 0 448 512\" xmlns=\"http:\/\/www.w3.org\/2000\/svg\"><path d=\"M224 256c70.7 0 128-57.3 128-128S294.7 0 224 0 96 57.3 96 128s57.3 128 128 128zm89.6 32h-16.7c-22.2 10.2-46.9 16-72.9 16s-50.6-5.8-72.9-16h-16.7C60.2 288 0 348.2 0 422.4V464c0 26.5 21.5 48 48 48h352c26.5 0 48-21.5 48-48v-41.6c0-74.2-60.2-134.4-134.4-134.4z\"><\/path><\/svg>\t\t\t\t\t\t<\/span>\n\t\t\t\t\t\t\t\t\t\t<span class=\"elementor-icon-list-text\">Eduardo Valdez V\u00e1zquez<\/span>\n\t\t\t\t\t\t\t\t\t<\/li>\n\t\t\t\t\t\t\t\t<li class=\"elementor-icon-list-item\">\n\t\t\t\t\t\t\t\t\t\t\t<a href=\"tel:7668451883\" target=\"_blank\">\n\n\t\t\t\t\t\t\t\t\t\t\t\t<span class=\"elementor-icon-list-icon\">\n\t\t\t\t\t\t\t<svg aria-hidden=\"true\" class=\"e-font-icon-svg e-fas-phone-alt\" viewBox=\"0 0 512 512\" xmlns=\"http:\/\/www.w3.org\/2000\/svg\"><path d=\"M497.39 361.8l-112-48a24 24 0 0 0-28 6.9l-49.6 60.6A370.66 370.66 0 0 1 130.6 204.11l60.6-49.6a23.94 23.94 0 0 0 6.9-28l-48-112A24.16 24.16 0 0 0 122.6.61l-104 24A24 24 0 0 0 0 48c0 256.5 207.9 464 464 464a24 24 0 0 0 23.4-18.6l24-104a24.29 24.29 0 0 0-14.01-27.6z\"><\/path><\/svg>\t\t\t\t\t\t<\/span>\n\t\t\t\t\t\t\t\t\t\t<span class=\"elementor-icon-list-text\">766-845-1883 Ext. 1504<\/span>\n\t\t\t\t\t\t\t\t\t\t\t<\/a>\n\t\t\t\t\t\t\t\t\t<\/li>\n\t\t\t\t\t\t\t\t<li class=\"elementor-icon-list-item\">\n\t\t\t\t\t\t\t\t\t\t\t<a href=\"mailto:ecev@utgz.edu.mx\" target=\"_blank\">\n\n\t\t\t\t\t\t\t\t\t\t\t\t<span class=\"elementor-icon-list-icon\">\n\t\t\t\t\t\t\t<svg aria-hidden=\"true\" class=\"e-font-icon-svg e-fas-envelope\" viewBox=\"0 0 512 512\" xmlns=\"http:\/\/www.w3.org\/2000\/svg\"><path d=\"M502.3 190.8c3.9-3.1 9.7-.2 9.7 4.7V400c0 26.5-21.5 48-48 48H48c-26.5 0-48-21.5-48-48V195.6c0-5 5.7-7.8 9.7-4.7 22.4 17.4 52.1 39.5 154.1 113.6 21.1 15.4 56.7 47.8 92.2 47.6 35.7.3 72-32.8 92.3-47.6 102-74.1 131.6-96.3 154-113.7zM256 320c23.2.4 56.6-29.2 73.4-41.4 132.7-96.3 142.8-104.7 173.4-128.7 5.8-4.5 9.2-11.5 9.2-18.9v-19c0-26.5-21.5-48-48-48H48C21.5 64 0 85.5 0 112v19c0 7.4 3.4 14.3 9.2 18.9 30.6 23.9 40.7 32.4 173.4 128.7 16.8 12.2 50.2 41.8 73.4 41.4z\"><\/path><\/svg>\t\t\t\t\t\t<\/span>\n\t\t\t\t\t\t\t\t\t\t<span class=\"elementor-icon-list-text\">ecev@utgz.edu.mx<\/span>\n\t\t\t\t\t\t\t\t\t\t\t<\/a>\n\t\t\t\t\t\t\t\t\t<\/li>\n\t\t\t\t\t\t\t\t<li class=\"elementor-icon-list-item\">\n\t\t\t\t\t\t\t\t\t\t\t<span class=\"elementor-icon-list-icon\">\n\t\t\t\t\t\t\t<svg aria-hidden=\"true\" class=\"e-font-icon-svg e-fas-building\" viewBox=\"0 0 448 512\" xmlns=\"http:\/\/www.w3.org\/2000\/svg\"><path d=\"M436 480h-20V24c0-13.255-10.745-24-24-24H56C42.745 0 32 10.745 32 24v456H12c-6.627 0-12 5.373-12 12v20h448v-20c0-6.627-5.373-12-12-12zM128 76c0-6.627 5.373-12 12-12h40c6.627 0 12 5.373 12 12v40c0 6.627-5.373 12-12 12h-40c-6.627 0-12-5.373-12-12V76zm0 96c0-6.627 5.373-12 12-12h40c6.627 0 12 5.373 12 12v40c0 6.627-5.373 12-12 12h-40c-6.627 0-12-5.373-12-12v-40zm52 148h-40c-6.627 0-12-5.373-12-12v-40c0-6.627 5.373-12 12-12h40c6.627 0 12 5.373 12 12v40c0 6.627-5.373 12-12 12zm76 160h-64v-84c0-6.627 5.373-12 12-12h40c6.627 0 12 5.373 12 12v84zm64-172c0 6.627-5.373 12-12 12h-40c-6.627 0-12-5.373-12-12v-40c0-6.627 5.373-12 12-12h40c6.627 0 12 5.373 12 12v40zm0-96c0 6.627-5.373 12-12 12h-40c-6.627 0-12-5.373-12-12v-40c0-6.627 5.373-12 12-12h40c6.627 0 12 5.373 12 12v40zm0-96c0 6.627-5.373 12-12 12h-40c-6.627 0-12-5.373-12-12V76c0-6.627 5.373-12 12-12h40c6.627 0 12 5.373 12 12v40z\"><\/path><\/svg>\t\t\t\t\t\t<\/span>\n\t\t\t\t\t\t\t\t\t\t<span class=\"elementor-icon-list-text\">Edificio Principal, Segundo Nivel<\/span>\n\t\t\t\t\t\t\t\t\t<\/li>\n\t\t\t\t\t\t<\/ul>\n\t\t\t\t\t\t<\/div>\n\t\t\t\t<\/div>\n\t\t\t\t\t<\/div>\n\t\t\t\t<\/div>\n\t\t\t\t<\/div>\n\t\t","protected":false},"excerpt":{"rendered":"<p>ENTIDAD DE CERTIFICACI\u00d3N Y EVALUACI\u00d3N La Entidad de Certificaci\u00f3n y Evaluaci\u00f3n de la Universidad Tecnol\u00f3gica de Guti\u00e9rrez Zamora, es una instituci\u00f3n p\u00fablica acreditada por el CONOCER (Consejo Nacional de Normalizaci\u00f3n y Certificaci\u00f3n de Competencias Laborales), para capacitar, evaluar y certificar las competencias laborales de las personas con base a Est\u00e1ndares de Competencia inscritos en el [&hellip;]<\/p>\n","protected":false},"author":1,"featured_media":0,"parent":0,"menu_order":0,"comment_status":"closed","ping_status":"closed","template":"","meta":{"footnotes":""},"class_list":["post-1269","page","type-page","status-publish","hentry"],"_links":{"self":[{"href":"http:\/\/187.237.124.202:8080\/utgz\/wp-json\/wp\/v2\/pages\/1269","targetHints":{"allow":["GET"]}}],"collection":[{"href":"http:\/\/187.237.124.202:8080\/utgz\/wp-json\/wp\/v2\/pages"}],"about":[{"href":"http:\/\/187.237.124.202:8080\/utgz\/wp-json\/wp\/v2\/types\/page"}],"author":[{"embeddable":true,"href":"http:\/\/187.237.124.202:8080\/utgz\/wp-json\/wp\/v2\/users\/1"}],"replies":[{"embeddable":true,"href":"http:\/\/187.237.124.202:8080\/utgz\/wp-json\/wp\/v2\/comments?post=1269"}],"version-history":[{"count":0,"href":"http:\/\/187.237.124.202:8080\/utgz\/wp-json\/wp\/v2\/pages\/1269\/revisions"}],"wp:attachment":[{"href":"http:\/\/187.237.124.202:8080\/utgz\/wp-json\/wp\/v2\/media?parent=1269"}],"curies":[{"name":"wp","href":"https:\/\/api.w.org\/{rel}","templated":true}]}}