{"id":1474,"date":"2025-03-05T14:13:53","date_gmt":"2025-03-05T20:13:53","guid":{"rendered":"http:\/\/192.168.2.180\/utgz\/?page_id=1474"},"modified":"2026-01-28T08:30:16","modified_gmt":"2026-01-28T14:30:16","slug":"buzon-institucional","status":"publish","type":"page","link":"http:\/\/187.237.124.202:8080\/utgz\/buzon-institucional\/","title":{"rendered":"Buz\u00f3n Institucional"},"content":{"rendered":"\t\t<div data-elementor-type=\"wp-page\" data-elementor-id=\"1474\" class=\"elementor elementor-1474\">\n\t\t\t\t<div class=\"elementor-element elementor-element-187aa77 e-flex e-con-boxed e-con e-parent\" data-id=\"187aa77\" data-element_type=\"container\">\n\t\t\t\t\t<div class=\"e-con-inner\">\n\t\t\t\t<div class=\"elementor-element elementor-element-c794fbe elementor-widget elementor-widget-text-editor\" data-id=\"c794fbe\" data-element_type=\"widget\" data-widget_type=\"text-editor.default\">\n\t\t\t\t<div class=\"elementor-widget-container\">\n\t\t\t\t\t\t\t\t\t<p>BUZ\u00d3N INSTITUCIONAL<\/p>\t\t\t\t\t\t\t\t<\/div>\n\t\t\t\t<\/div>\n\t\t\t\t<div class=\"elementor-element elementor-element-dddb7a6 custom-hr elementor-widget-divider--view-line elementor-widget elementor-widget-divider\" data-id=\"dddb7a6\" data-element_type=\"widget\" data-widget_type=\"divider.default\">\n\t\t\t\t<div class=\"elementor-widget-container\">\n\t\t\t\t\t\t\t<div class=\"elementor-divider\">\n\t\t\t<span class=\"elementor-divider-separator\">\n\t\t\t\t\t\t<\/span>\n\t\t<\/div>\n\t\t\t\t\t\t<\/div>\n\t\t\t\t<\/div>\n\t\t\t\t<div class=\"elementor-element elementor-element-e1deb7f elementor-widget elementor-widget-spacer\" data-id=\"e1deb7f\" data-element_type=\"widget\" data-widget_type=\"spacer.default\">\n\t\t\t\t<div class=\"elementor-widget-container\">\n\t\t\t\t\t\t\t<div class=\"elementor-spacer\">\n\t\t\t<div class=\"elementor-spacer-inner\"><\/div>\n\t\t<\/div>\n\t\t\t\t\t\t<\/div>\n\t\t\t\t<\/div>\n\t\t\t\t<div class=\"elementor-element elementor-element-cb3d7c3 elementor-widget elementor-widget-text-editor\" data-id=\"cb3d7c3\" data-element_type=\"widget\" data-widget_type=\"text-editor.default\">\n\t\t\t\t<div class=\"elementor-widget-container\">\n\t\t\t\t\t\t\t\t\t<p>La UTGZ, comprometida con la comunidad universitaria pone a disposici\u00f3n el correo:<\/p>\t\t\t\t\t\t\t\t<\/div>\n\t\t\t\t<\/div>\n\t\t\t\t<div class=\"elementor-element elementor-element-77daff3 elementor-widget elementor-widget-text-editor\" data-id=\"77daff3\" data-element_type=\"widget\" data-widget_type=\"text-editor.default\">\n\t\t\t\t<div class=\"elementor-widget-container\">\n\t\t\t\t\t\t\t\t\t<p><a href=\"mailto: buzon@utgz.edu.mx\">buzon@utgz.edu.mx<\/a><\/p>\t\t\t\t\t\t\t\t<\/div>\n\t\t\t\t<\/div>\n\t\t\t\t<div class=\"elementor-element elementor-element-5c6371d elementor-widget elementor-widget-text-editor\" data-id=\"5c6371d\" data-element_type=\"widget\" data-widget_type=\"text-editor.default\">\n\t\t\t\t<div class=\"elementor-widget-container\">\n\t\t\t\t\t\t\t\t\t<p>El Buz\u00f3n Institucional, es un medio a trav\u00e9s del cual se da atenci\u00f3n a felicitaciones, comentarios, quejas y sugerencias sobre los tr\u00e1mites y servicios que proporciona la Universidad.<br \/><br \/>Con el objetivo de brindar una atenci\u00f3n adecuada, es necesario que en la descripci\u00f3n del comentario, queja o sugerencia nos proporcione la informaci\u00f3n clara y precisa.<br \/><br \/>Les informamos que no podr\u00e1 ser atendida ninguna queja, sugerencia, incidencia o reclamo que contenga descalificaciones y o insultos y que por lo tanto atente contra el Ideario Institucional.<\/p>\t\t\t\t\t\t\t\t<\/div>\n\t\t\t\t<\/div>\n\t\t\t\t<div class=\"elementor-element elementor-element-0838e7f elementor-widget elementor-widget-spacer\" data-id=\"0838e7f\" data-element_type=\"widget\" data-widget_type=\"spacer.default\">\n\t\t\t\t<div class=\"elementor-widget-container\">\n\t\t\t\t\t\t\t<div class=\"elementor-spacer\">\n\t\t\t<div class=\"elementor-spacer-inner\"><\/div>\n\t\t<\/div>\n\t\t\t\t\t\t<\/div>\n\t\t\t\t<\/div>\n\t\t\t\t\t<\/div>\n\t\t\t\t<\/div>\n\t\t\t\t<\/div>\n\t\t","protected":false},"excerpt":{"rendered":"<p>BUZ\u00d3N INSTITUCIONAL La UTGZ, comprometida con la comunidad universitaria pone a disposici\u00f3n el correo: buzon@utgz.edu.mx El Buz\u00f3n Institucional, es un medio a trav\u00e9s del cual se da atenci\u00f3n a felicitaciones, comentarios, quejas y sugerencias sobre los tr\u00e1mites y servicios que proporciona la Universidad. Con el objetivo de brindar una atenci\u00f3n adecuada, es necesario que en [&hellip;]<\/p>\n","protected":false},"author":1,"featured_media":0,"parent":0,"menu_order":0,"comment_status":"closed","ping_status":"closed","template":"","meta":{"footnotes":""},"class_list":["post-1474","page","type-page","status-publish","hentry"],"_links":{"self":[{"href":"http:\/\/187.237.124.202:8080\/utgz\/wp-json\/wp\/v2\/pages\/1474","targetHints":{"allow":["GET"]}}],"collection":[{"href":"http:\/\/187.237.124.202:8080\/utgz\/wp-json\/wp\/v2\/pages"}],"about":[{"href":"http:\/\/187.237.124.202:8080\/utgz\/wp-json\/wp\/v2\/types\/page"}],"author":[{"embeddable":true,"href":"http:\/\/187.237.124.202:8080\/utgz\/wp-json\/wp\/v2\/users\/1"}],"replies":[{"embeddable":true,"href":"http:\/\/187.237.124.202:8080\/utgz\/wp-json\/wp\/v2\/comments?post=1474"}],"version-history":[{"count":0,"href":"http:\/\/187.237.124.202:8080\/utgz\/wp-json\/wp\/v2\/pages\/1474\/revisions"}],"wp:attachment":[{"href":"http:\/\/187.237.124.202:8080\/utgz\/wp-json\/wp\/v2\/media?parent=1474"}],"curies":[{"name":"wp","href":"https:\/\/api.w.org\/{rel}","templated":true}]}}