{"id":1477,"date":"2025-03-05T15:42:43","date_gmt":"2025-03-05T21:42:43","guid":{"rendered":"http:\/\/192.168.2.180\/utgz\/?page_id=1477"},"modified":"2026-01-28T08:06:15","modified_gmt":"2026-01-28T14:06:15","slug":"mensaje-del-rector","status":"publish","type":"page","link":"http:\/\/187.237.124.202:8080\/utgz\/mensaje-del-rector\/","title":{"rendered":"Mensaje del Rector"},"content":{"rendered":"\t\t<div data-elementor-type=\"wp-page\" data-elementor-id=\"1477\" class=\"elementor elementor-1477\">\n\t\t\t\t<div class=\"elementor-element elementor-element-7b9f4ce e-flex e-con-boxed e-con e-parent\" data-id=\"7b9f4ce\" data-element_type=\"container\">\n\t\t\t\t\t<div class=\"e-con-inner\">\n\t\t\t\t<div class=\"elementor-element elementor-element-c2e2e39 elementor-widget elementor-widget-text-editor\" data-id=\"c2e2e39\" data-element_type=\"widget\" data-widget_type=\"text-editor.default\">\n\t\t\t\t<div class=\"elementor-widget-container\">\n\t\t\t\t\t\t\t\t\t<p>MENSAJE DEL RECTOR<\/p>\t\t\t\t\t\t\t\t<\/div>\n\t\t\t\t<\/div>\n\t\t\t\t<div class=\"elementor-element elementor-element-b2f8ab3 custom-hr elementor-widget-divider--view-line elementor-widget elementor-widget-divider\" data-id=\"b2f8ab3\" data-element_type=\"widget\" data-widget_type=\"divider.default\">\n\t\t\t\t<div class=\"elementor-widget-container\">\n\t\t\t\t\t\t\t<div class=\"elementor-divider\">\n\t\t\t<span class=\"elementor-divider-separator\">\n\t\t\t\t\t\t<\/span>\n\t\t<\/div>\n\t\t\t\t\t\t<\/div>\n\t\t\t\t<\/div>\n\t\t\t\t<div class=\"elementor-element elementor-element-c05236e elementor-hidden-mobile elementor-widget elementor-widget-spacer\" data-id=\"c05236e\" data-element_type=\"widget\" data-widget_type=\"spacer.default\">\n\t\t\t\t<div class=\"elementor-widget-container\">\n\t\t\t\t\t\t\t<div class=\"elementor-spacer\">\n\t\t\t<div class=\"elementor-spacer-inner\"><\/div>\n\t\t<\/div>\n\t\t\t\t\t\t<\/div>\n\t\t\t\t<\/div>\n\t\t\t\t\t<\/div>\n\t\t\t\t<\/div>\n\t\t<div class=\"elementor-element elementor-element-181b5d3 e-flex e-con-boxed e-con e-parent\" data-id=\"181b5d3\" data-element_type=\"container\">\n\t\t\t\t\t<div class=\"e-con-inner\">\n\t\t<div class=\"elementor-element elementor-element-bf1ee4c e-con-full e-flex e-con e-child\" data-id=\"bf1ee4c\" data-element_type=\"container\">\n\t\t\t\t<div class=\"elementor-element elementor-element-7b6aef2 elementor-widget elementor-widget-text-editor\" data-id=\"7b6aef2\" data-element_type=\"widget\" data-widget_type=\"text-editor.default\">\n\t\t\t\t<div class=\"elementor-widget-container\">\n\t\t\t\t\t\t\t\t\t<p>En la Universidad Tecnol\u00f3gica de Guti\u00e9rrez Zamora trabajamos todos los d\u00edas con la convicci\u00f3n de que la educaci\u00f3n transforma realidades y abre oportunidades para el desarrollo personal y regional. Nuestra misi\u00f3n es formar profesionistas competentes, con valores s\u00f3lidos y una clara vocaci\u00f3n de servicio, capaces de responder a los retos del entorno productivo y social.<\/p><p>Cada programa educativo, proyecto acad\u00e9mico y acci\u00f3n institucional que impulsamos tiene como eje central a nuestras y nuestros estudiantes, as\u00ed como el fortalecimiento de los v\u00ednculos con los sectores productivo, social y gubernamental de la regi\u00f3n norte de Veracruz. Nuestros procesos acad\u00e9micos y administrativos se desarrollan bajo normas de calidad de alcance internacional, lo que garantiza una gesti\u00f3n eficiente, transparente y orientada a la mejora continua.<\/p><p>Apostamos por una educaci\u00f3n pertinente, innovadora y alineada a las necesidades actuales del mercado laboral, consolidando a la Universidad como un referente regional de formaci\u00f3n tecnol\u00f3gica y profesional.<\/p><p>Invito a la comunidad universitaria, a las familias y a la sociedad en general a seguir confiando en esta casa de estudios, que se consolida como un espacio de crecimiento, aprendizaje y proyecci\u00f3n para las nuevas generaciones. Sigamos avanzando juntos, con responsabilidad y visi\u00f3n de futuro.<\/p>\t\t\t\t\t\t\t\t<\/div>\n\t\t\t\t<\/div>\n\t\t\t\t<\/div>\n\t\t<div class=\"elementor-element elementor-element-82bec04 e-con-full e-flex e-con e-child\" data-id=\"82bec04\" data-element_type=\"container\">\n\t\t\t\t<div class=\"elementor-element elementor-element-9397bb3 sombra-fotos elementor-widget elementor-widget-image\" data-id=\"9397bb3\" data-element_type=\"widget\" data-widget_type=\"image.default\">\n\t\t\t\t<div class=\"elementor-widget-container\">\n\t\t\t\t\t\t\t\t\t\t\t\t\t\t\t<img fetchpriority=\"high\" decoding=\"async\" width=\"1443\" height=\"1536\" src=\"http:\/\/187.237.124.202:8080\/utgz\/wp-content\/uploads\/2026\/01\/rector-mas.png\" class=\"attachment-1536x1536 size-1536x1536 wp-image-2792\" alt=\"\" \/>\t\t\t\t\t\t\t\t\t\t\t\t\t\t\t<\/div>\n\t\t\t\t<\/div>\n\t\t\t\t<div class=\"elementor-element elementor-element-788a27e elementor-widget elementor-widget-spacer\" data-id=\"788a27e\" data-element_type=\"widget\" data-widget_type=\"spacer.default\">\n\t\t\t\t<div class=\"elementor-widget-container\">\n\t\t\t\t\t\t\t<div class=\"elementor-spacer\">\n\t\t\t<div class=\"elementor-spacer-inner\"><\/div>\n\t\t<\/div>\n\t\t\t\t\t\t<\/div>\n\t\t\t\t<\/div>\n\t\t\t\t<div class=\"elementor-element elementor-element-d6dd18d elementor-widget elementor-widget-text-editor\" data-id=\"d6dd18d\" data-element_type=\"widget\" data-widget_type=\"text-editor.default\">\n\t\t\t\t<div class=\"elementor-widget-container\">\n\t\t\t\t\t\t\t\t\t<strong>Lic. Minervo Arteaga Saucedo<\/strong><br \/>\nRector Universidad Tecnol\u00f3gica de Guti\u00e9rrez Zamora\t\t\t\t\t\t\t\t<\/div>\n\t\t\t\t<\/div>\n\t\t\t\t<\/div>\n\t\t\t\t\t<\/div>\n\t\t\t\t<\/div>\n\t\t<div class=\"elementor-element elementor-element-eb779f5 e-flex e-con-boxed e-con e-parent\" data-id=\"eb779f5\" data-element_type=\"container\">\n\t\t\t\t\t<div class=\"e-con-inner\">\n\t\t\t\t<div class=\"elementor-element elementor-element-6669230 elementor-widget elementor-widget-spacer\" data-id=\"6669230\" data-element_type=\"widget\" data-widget_type=\"spacer.default\">\n\t\t\t\t<div class=\"elementor-widget-container\">\n\t\t\t\t\t\t\t<div class=\"elementor-spacer\">\n\t\t\t<div class=\"elementor-spacer-inner\"><\/div>\n\t\t<\/div>\n\t\t\t\t\t\t<\/div>\n\t\t\t\t<\/div>\n\t\t\t\t\t<\/div>\n\t\t\t\t<\/div>\n\t\t\t\t<\/div>\n\t\t","protected":false},"excerpt":{"rendered":"<p>MENSAJE DEL RECTOR En la Universidad Tecnol\u00f3gica de Guti\u00e9rrez Zamora trabajamos todos los d\u00edas con la convicci\u00f3n de que la educaci\u00f3n transforma realidades y abre oportunidades para el desarrollo personal y regional. Nuestra misi\u00f3n es formar profesionistas competentes, con valores s\u00f3lidos y una clara vocaci\u00f3n de servicio, capaces de responder a los retos del entorno [&hellip;]<\/p>\n","protected":false},"author":1,"featured_media":0,"parent":0,"menu_order":0,"comment_status":"closed","ping_status":"closed","template":"","meta":{"footnotes":""},"class_list":["post-1477","page","type-page","status-publish","hentry"],"_links":{"self":[{"href":"http:\/\/187.237.124.202:8080\/utgz\/wp-json\/wp\/v2\/pages\/1477","targetHints":{"allow":["GET"]}}],"collection":[{"href":"http:\/\/187.237.124.202:8080\/utgz\/wp-json\/wp\/v2\/pages"}],"about":[{"href":"http:\/\/187.237.124.202:8080\/utgz\/wp-json\/wp\/v2\/types\/page"}],"author":[{"embeddable":true,"href":"http:\/\/187.237.124.202:8080\/utgz\/wp-json\/wp\/v2\/users\/1"}],"replies":[{"embeddable":true,"href":"http:\/\/187.237.124.202:8080\/utgz\/wp-json\/wp\/v2\/comments?post=1477"}],"version-history":[{"count":0,"href":"http:\/\/187.237.124.202:8080\/utgz\/wp-json\/wp\/v2\/pages\/1477\/revisions"}],"wp:attachment":[{"href":"http:\/\/187.237.124.202:8080\/utgz\/wp-json\/wp\/v2\/media?parent=1477"}],"curies":[{"name":"wp","href":"https:\/\/api.w.org\/{rel}","templated":true}]}}