{"id":1557,"date":"2025-03-06T14:34:39","date_gmt":"2025-03-06T20:34:39","guid":{"rendered":"http:\/\/192.168.2.180\/utgz\/?page_id=1557"},"modified":"2026-01-28T08:14:32","modified_gmt":"2026-01-28T14:14:32","slug":"ideario-institucional","status":"publish","type":"page","link":"http:\/\/187.237.124.202:8080\/utgz\/ideario-institucional\/","title":{"rendered":"Ideario Institucional"},"content":{"rendered":"\t\t<div data-elementor-type=\"wp-page\" data-elementor-id=\"1557\" class=\"elementor elementor-1557\">\n\t\t\t\t<div class=\"elementor-element elementor-element-187aa77 e-flex e-con-boxed e-con e-parent\" data-id=\"187aa77\" data-element_type=\"container\">\n\t\t\t\t\t<div class=\"e-con-inner\">\n\t\t\t\t<div class=\"elementor-element elementor-element-c794fbe elementor-widget elementor-widget-text-editor\" data-id=\"c794fbe\" data-element_type=\"widget\" data-widget_type=\"text-editor.default\">\n\t\t\t\t<div class=\"elementor-widget-container\">\n\t\t\t\t\t\t\t\t\t<p>IDEARIO INSTITUCIONAL<\/p>\t\t\t\t\t\t\t\t<\/div>\n\t\t\t\t<\/div>\n\t\t\t\t<div class=\"elementor-element elementor-element-dddb7a6 custom-hr elementor-widget-divider--view-line elementor-widget elementor-widget-divider\" data-id=\"dddb7a6\" data-element_type=\"widget\" data-widget_type=\"divider.default\">\n\t\t\t\t<div class=\"elementor-widget-container\">\n\t\t\t\t\t\t\t<div class=\"elementor-divider\">\n\t\t\t<span class=\"elementor-divider-separator\">\n\t\t\t\t\t\t<\/span>\n\t\t<\/div>\n\t\t\t\t\t\t<\/div>\n\t\t\t\t<\/div>\n\t\t\t\t<div class=\"elementor-element elementor-element-e1deb7f elementor-widget elementor-widget-spacer\" data-id=\"e1deb7f\" data-element_type=\"widget\" data-widget_type=\"spacer.default\">\n\t\t\t\t<div class=\"elementor-widget-container\">\n\t\t\t\t\t\t\t<div class=\"elementor-spacer\">\n\t\t\t<div class=\"elementor-spacer-inner\"><\/div>\n\t\t<\/div>\n\t\t\t\t\t\t<\/div>\n\t\t\t\t<\/div>\n\t\t<div class=\"elementor-element elementor-element-4c3c0e3 e-con-full e-flex e-con e-child\" data-id=\"4c3c0e3\" data-element_type=\"container\">\n\t\t<div class=\"elementor-element elementor-element-7f1cd58 e-con-full e-flex e-con e-child\" data-id=\"7f1cd58\" data-element_type=\"container\">\n\t\t\t\t<div class=\"elementor-element elementor-element-adb3371 elementor-widget elementor-widget-text-editor\" data-id=\"adb3371\" data-element_type=\"widget\" data-widget_type=\"text-editor.default\">\n\t\t\t\t<div class=\"elementor-widget-container\">\n\t\t\t\t\t\t\t\t\t<p>MISI\u00d3N<\/p>\t\t\t\t\t\t\t\t<\/div>\n\t\t\t\t<\/div>\n\t\t\t\t<div class=\"elementor-element elementor-element-fe0b0e6 elementor-widget elementor-widget-text-editor\" data-id=\"fe0b0e6\" data-element_type=\"widget\" data-widget_type=\"text-editor.default\">\n\t\t\t\t<div class=\"elementor-widget-container\">\n\t\t\t\t\t\t\t\t\t<p>Formar profesionistas reconocidos por su calidad, lealtad, responsabilidad, respeto, compromiso, trabajo en equipo; con una visi\u00f3n emprendedora contribuyendo al crecimiento econ\u00f3mico, desarrollo sustentable y bienestar de la sociedad.<\/p>\t\t\t\t\t\t\t\t<\/div>\n\t\t\t\t<\/div>\n\t\t\t\t<\/div>\n\t\t<div class=\"elementor-element elementor-element-9dac035 e-con-full e-flex e-con e-child\" data-id=\"9dac035\" data-element_type=\"container\">\n\t\t\t\t<div class=\"elementor-element elementor-element-6630272 elementor-widget elementor-widget-text-editor\" data-id=\"6630272\" data-element_type=\"widget\" data-widget_type=\"text-editor.default\">\n\t\t\t\t<div class=\"elementor-widget-container\">\n\t\t\t\t\t\t\t\t\t<p>VISI\u00d3N<\/p>\t\t\t\t\t\t\t\t<\/div>\n\t\t\t\t<\/div>\n\t\t\t\t<div class=\"elementor-element elementor-element-ee63a40 elementor-widget elementor-widget-text-editor\" data-id=\"ee63a40\" data-element_type=\"widget\" data-widget_type=\"text-editor.default\">\n\t\t\t\t<div class=\"elementor-widget-container\">\n\t\t\t\t\t\t\t\t\t<p>Ser una instituci\u00f3n reconocida internacionalmente, por la calidad de sus servicios, la vinculaci\u00f3n con los diferentes sectores; la formaci\u00f3n integral del alumnado y el crecimiento consolidado de la Instituci\u00f3n, con el prop\u00f3sito de desarrollar la econom\u00eda regional y la preservaci\u00f3n del medio ambiente, mejorando as\u00ed la calidad de vida.<\/p>\t\t\t\t\t\t\t\t<\/div>\n\t\t\t\t<\/div>\n\t\t\t\t<\/div>\n\t\t\t\t<\/div>\n\t\t\t\t\t<\/div>\n\t\t\t\t<\/div>\n\t\t<div class=\"elementor-element elementor-element-39012e4 e-flex e-con-boxed e-con e-parent\" data-id=\"39012e4\" data-element_type=\"container\">\n\t\t\t\t\t<div class=\"e-con-inner\">\n\t\t<div class=\"elementor-element elementor-element-3efb3d7 e-con-full e-flex e-con e-child\" data-id=\"3efb3d7\" data-element_type=\"container\">\n\t\t\t\t<div class=\"elementor-element elementor-element-7e589d8 elementor-widget elementor-widget-text-editor\" data-id=\"7e589d8\" data-element_type=\"widget\" data-widget_type=\"text-editor.default\">\n\t\t\t\t<div class=\"elementor-widget-container\">\n\t\t\t\t\t\t\t\t\t<p>VALORES INSTITUCIONALES<\/p>\t\t\t\t\t\t\t\t<\/div>\n\t\t\t\t<\/div>\n\t\t\t\t<\/div>\n\t\t<div class=\"elementor-element elementor-element-954ec3a e-con-full e-flex e-con e-child\" data-id=\"954ec3a\" data-element_type=\"container\">\n\t\t<div class=\"elementor-element elementor-element-8f2592c e-con-full e-flex e-con e-child\" data-id=\"8f2592c\" data-element_type=\"container\">\n\t\t\t\t<div class=\"elementor-element elementor-element-ae1a1f6 elementor-widget elementor-widget-text-editor\" data-id=\"ae1a1f6\" data-element_type=\"widget\" data-widget_type=\"text-editor.default\">\n\t\t\t\t<div class=\"elementor-widget-container\">\n\t\t\t\t\t\t\t\t\t<p>Trabajo en Equipo<\/p>\t\t\t\t\t\t\t\t<\/div>\n\t\t\t\t<\/div>\n\t\t\t\t<div class=\"elementor-element elementor-element-ccda8fd elementor-widget elementor-widget-text-editor\" data-id=\"ccda8fd\" data-element_type=\"widget\" data-widget_type=\"text-editor.default\">\n\t\t\t\t<div class=\"elementor-widget-container\">\n\t\t\t\t\t\t\t\t\t<p>Sumar esfuerzos, intercambiar y comeplementar ideas para el logro de un mismo fin.<\/p>\t\t\t\t\t\t\t\t<\/div>\n\t\t\t\t<\/div>\n\t\t\t\t<\/div>\n\t\t<div class=\"elementor-element elementor-element-8fe459d e-con-full e-flex e-con e-child\" data-id=\"8fe459d\" data-element_type=\"container\">\n\t\t\t\t<div class=\"elementor-element elementor-element-dd2fb93 elementor-widget elementor-widget-text-editor\" data-id=\"dd2fb93\" data-element_type=\"widget\" data-widget_type=\"text-editor.default\">\n\t\t\t\t<div class=\"elementor-widget-container\">\n\t\t\t\t\t\t\t\t\t<p>Compromiso<\/p>\t\t\t\t\t\t\t\t<\/div>\n\t\t\t\t<\/div>\n\t\t\t\t<div class=\"elementor-element elementor-element-de72a51 elementor-widget elementor-widget-text-editor\" data-id=\"de72a51\" data-element_type=\"widget\" data-widget_type=\"text-editor.default\">\n\t\t\t\t<div class=\"elementor-widget-container\">\n\t\t\t\t\t\t\t\t\t<p>Grado de identificaci\u00f3n y entrega que un individuo asume para el cumplimiento.<\/p>\t\t\t\t\t\t\t\t<\/div>\n\t\t\t\t<\/div>\n\t\t\t\t<\/div>\n\t\t<div class=\"elementor-element elementor-element-12e7c42 e-con-full e-flex e-con e-child\" data-id=\"12e7c42\" data-element_type=\"container\">\n\t\t\t\t<div class=\"elementor-element elementor-element-2a5857c elementor-widget elementor-widget-text-editor\" data-id=\"2a5857c\" data-element_type=\"widget\" data-widget_type=\"text-editor.default\">\n\t\t\t\t<div class=\"elementor-widget-container\">\n\t\t\t\t\t\t\t\t\t<p>Respeto<\/p>\t\t\t\t\t\t\t\t<\/div>\n\t\t\t\t<\/div>\n\t\t\t\t<div class=\"elementor-element elementor-element-7d2a228 elementor-widget elementor-widget-text-editor\" data-id=\"7d2a228\" data-element_type=\"widget\" data-widget_type=\"text-editor.default\">\n\t\t\t\t<div class=\"elementor-widget-container\">\n\t\t\t\t\t\t\t\t\t<p>A las ideolog\u00edas, a los individuos, instituciones y al medio ambiente.<\/p>\t\t\t\t\t\t\t\t<\/div>\n\t\t\t\t<\/div>\n\t\t\t\t<\/div>\n\t\t<div class=\"elementor-element elementor-element-d1b39f0 e-con-full e-flex e-con e-child\" data-id=\"d1b39f0\" data-element_type=\"container\">\n\t\t\t\t<div class=\"elementor-element elementor-element-0b800b4 elementor-widget elementor-widget-text-editor\" data-id=\"0b800b4\" data-element_type=\"widget\" data-widget_type=\"text-editor.default\">\n\t\t\t\t<div class=\"elementor-widget-container\">\n\t\t\t\t\t\t\t\t\t<p>Lealtad<\/p>\t\t\t\t\t\t\t\t<\/div>\n\t\t\t\t<\/div>\n\t\t\t\t<div class=\"elementor-element elementor-element-79b1cf4 elementor-widget elementor-widget-text-editor\" data-id=\"79b1cf4\" data-element_type=\"widget\" data-widget_type=\"text-editor.default\">\n\t\t\t\t<div class=\"elementor-widget-container\">\n\t\t\t\t\t\t\t\t\t<p>Fidelidad a uno mismo, a las pol\u00edticas e ideol\u00f3gias de la UTGZ y a las exigencias; por convicci\u00f3n.<\/p>\t\t\t\t\t\t\t\t<\/div>\n\t\t\t\t<\/div>\n\t\t\t\t<\/div>\n\t\t<div class=\"elementor-element elementor-element-a2ed51a e-con-full e-flex e-con e-child\" data-id=\"a2ed51a\" data-element_type=\"container\">\n\t\t\t\t<div class=\"elementor-element elementor-element-2658dbf elementor-widget elementor-widget-text-editor\" data-id=\"2658dbf\" data-element_type=\"widget\" data-widget_type=\"text-editor.default\">\n\t\t\t\t<div class=\"elementor-widget-container\">\n\t\t\t\t\t\t\t\t\t<p>Responsabilidad<\/p>\t\t\t\t\t\t\t\t<\/div>\n\t\t\t\t<\/div>\n\t\t\t\t<div class=\"elementor-element elementor-element-3d26557 elementor-widget elementor-widget-text-editor\" data-id=\"3d26557\" data-element_type=\"widget\" data-widget_type=\"text-editor.default\">\n\t\t\t\t<div class=\"elementor-widget-container\">\n\t\t\t\t\t\t\t\t\t<p>Actitud que se asume ante los resultados de la labor que se realiza.<\/p>\t\t\t\t\t\t\t\t<\/div>\n\t\t\t\t<\/div>\n\t\t\t\t<\/div>\n\t\t\t\t<\/div>\n\t\t\t\t\t<\/div>\n\t\t\t\t<\/div>\n\t\t<div class=\"elementor-element elementor-element-cec45ab e-flex e-con-boxed e-con e-parent\" data-id=\"cec45ab\" data-element_type=\"container\">\n\t\t\t\t\t<div class=\"e-con-inner\">\n\t\t<div class=\"elementor-element elementor-element-afccb97 e-con-full e-flex e-con e-child\" data-id=\"afccb97\" data-element_type=\"container\">\n\t\t\t\t<div class=\"elementor-element elementor-element-b340f5a elementor-widget elementor-widget-text-editor\" data-id=\"b340f5a\" data-element_type=\"widget\" data-widget_type=\"text-editor.default\">\n\t\t\t\t<div class=\"elementor-widget-container\">\n\t\t\t\t\t\t\t\t\t<p>FILOSOF\u00cdA<\/p>\t\t\t\t\t\t\t\t<\/div>\n\t\t\t\t<\/div>\n\t\t\t\t<\/div>\n\t\t<div class=\"elementor-element elementor-element-c82883a e-con-full e-flex e-con e-child\" data-id=\"c82883a\" data-element_type=\"container\" data-settings=\"{&quot;animation&quot;:&quot;none&quot;}\">\n\t\t<div class=\"elementor-element elementor-element-ee6c7f5 e-con-full sombra-header e-flex e-con e-child\" data-id=\"ee6c7f5\" data-element_type=\"container\" data-settings=\"{&quot;background_background&quot;:&quot;gradient&quot;}\">\n\t\t\t\t<div class=\"elementor-element elementor-element-5f54dc4 elementor-widget elementor-widget-text-editor\" data-id=\"5f54dc4\" data-element_type=\"widget\" data-widget_type=\"text-editor.default\">\n\t\t\t\t<div class=\"elementor-widget-container\">\n\t\t\t\t\t\t\t\t\t<p><a class=\"sobre2\" href=\"http:\/\/187.237.124.202:8080\/utgz\/sgi\">SISTEMA DE GESTI\u00d3N INTEGRAL<\/a><\/p>\t\t\t\t\t\t\t\t<\/div>\n\t\t\t\t<\/div>\n\t\t\t\t<\/div>\n\t\t<div class=\"elementor-element elementor-element-4b3389e e-con-full sombra-header e-flex e-con e-child\" data-id=\"4b3389e\" data-element_type=\"container\" data-settings=\"{&quot;background_background&quot;:&quot;gradient&quot;}\">\n\t\t\t\t<div class=\"elementor-element elementor-element-6a7b7f8 elementor-widget elementor-widget-text-editor\" data-id=\"6a7b7f8\" data-element_type=\"widget\" data-widget_type=\"text-editor.default\">\n\t\t\t\t<div class=\"elementor-widget-container\">\n\t\t\t\t\t\t\t\t\t<p>IGUALDAD LABORAL Y NO DISCRIMINACI\u00d3N<\/p>\t\t\t\t\t\t\t\t<\/div>\n\t\t\t\t<\/div>\n\t\t\t\t<\/div>\n\t\t<div class=\"elementor-element elementor-element-b2970c2 e-con-full sombra-header e-flex e-con e-child\" data-id=\"b2970c2\" data-element_type=\"container\" data-settings=\"{&quot;background_background&quot;:&quot;gradient&quot;}\">\n\t\t\t\t<div class=\"elementor-element elementor-element-e165fb3 elementor-widget elementor-widget-text-editor\" data-id=\"e165fb3\" data-element_type=\"widget\" data-widget_type=\"text-editor.default\">\n\t\t\t\t<div class=\"elementor-widget-container\">\n\t\t\t\t\t\t\t\t\t<p>C\u00d3DIGO DE CONDUCTA<\/p>\t\t\t\t\t\t\t\t<\/div>\n\t\t\t\t<\/div>\n\t\t\t\t<\/div>\n\t\t\t\t<\/div>\n\t\t\t\t\t<\/div>\n\t\t\t\t<\/div>\n\t\t\t\t<\/div>\n\t\t","protected":false},"excerpt":{"rendered":"<p>IDEARIO INSTITUCIONAL MISI\u00d3N Formar profesionistas reconocidos por su calidad, lealtad, responsabilidad, respeto, compromiso, trabajo en equipo; con una visi\u00f3n emprendedora contribuyendo al crecimiento econ\u00f3mico, desarrollo sustentable y bienestar de la sociedad. VISI\u00d3N Ser una instituci\u00f3n reconocida internacionalmente, por la calidad de sus servicios, la vinculaci\u00f3n con los diferentes sectores; la formaci\u00f3n integral del alumnado y [&hellip;]<\/p>\n","protected":false},"author":1,"featured_media":0,"parent":0,"menu_order":0,"comment_status":"closed","ping_status":"closed","template":"","meta":{"footnotes":""},"class_list":["post-1557","page","type-page","status-publish","hentry"],"_links":{"self":[{"href":"http:\/\/187.237.124.202:8080\/utgz\/wp-json\/wp\/v2\/pages\/1557","targetHints":{"allow":["GET"]}}],"collection":[{"href":"http:\/\/187.237.124.202:8080\/utgz\/wp-json\/wp\/v2\/pages"}],"about":[{"href":"http:\/\/187.237.124.202:8080\/utgz\/wp-json\/wp\/v2\/types\/page"}],"author":[{"embeddable":true,"href":"http:\/\/187.237.124.202:8080\/utgz\/wp-json\/wp\/v2\/users\/1"}],"replies":[{"embeddable":true,"href":"http:\/\/187.237.124.202:8080\/utgz\/wp-json\/wp\/v2\/comments?post=1557"}],"version-history":[{"count":0,"href":"http:\/\/187.237.124.202:8080\/utgz\/wp-json\/wp\/v2\/pages\/1557\/revisions"}],"wp:attachment":[{"href":"http:\/\/187.237.124.202:8080\/utgz\/wp-json\/wp\/v2\/media?parent=1557"}],"curies":[{"name":"wp","href":"https:\/\/api.w.org\/{rel}","templated":true}]}}