{"id":1562,"date":"2025-03-06T14:54:27","date_gmt":"2025-03-06T20:54:27","guid":{"rendered":"http:\/\/192.168.2.180\/utgz\/?page_id=1562"},"modified":"2026-01-28T08:34:37","modified_gmt":"2026-01-28T14:34:37","slug":"instalaciones-zamora","status":"publish","type":"page","link":"http:\/\/187.237.124.202:8080\/utgz\/instalaciones-zamora\/","title":{"rendered":"Instalaciones Zamora"},"content":{"rendered":"\t\t<div data-elementor-type=\"wp-page\" data-elementor-id=\"1562\" class=\"elementor elementor-1562\">\n\t\t\t\t<div class=\"elementor-element elementor-element-187aa77 e-flex e-con-boxed e-con e-parent\" data-id=\"187aa77\" data-element_type=\"container\">\n\t\t\t\t\t<div class=\"e-con-inner\">\n\t\t\t\t<div class=\"elementor-element elementor-element-c794fbe elementor-widget elementor-widget-text-editor\" data-id=\"c794fbe\" data-element_type=\"widget\" data-widget_type=\"text-editor.default\">\n\t\t\t\t<div class=\"elementor-widget-container\">\n\t\t\t\t\t\t\t\t\t<p>INSTALACIONES GUTI\u00c9RREZ ZAMORA<\/p>\t\t\t\t\t\t\t\t<\/div>\n\t\t\t\t<\/div>\n\t\t\t\t<div class=\"elementor-element elementor-element-dddb7a6 custom-hr elementor-widget-divider--view-line elementor-widget elementor-widget-divider\" data-id=\"dddb7a6\" data-element_type=\"widget\" data-widget_type=\"divider.default\">\n\t\t\t\t<div class=\"elementor-widget-container\">\n\t\t\t\t\t\t\t<div class=\"elementor-divider\">\n\t\t\t<span class=\"elementor-divider-separator\">\n\t\t\t\t\t\t<\/span>\n\t\t<\/div>\n\t\t\t\t\t\t<\/div>\n\t\t\t\t<\/div>\n\t\t\t\t<div class=\"elementor-element elementor-element-e1deb7f elementor-widget elementor-widget-spacer\" data-id=\"e1deb7f\" data-element_type=\"widget\" data-widget_type=\"spacer.default\">\n\t\t\t\t<div class=\"elementor-widget-container\">\n\t\t\t\t\t\t\t<div class=\"elementor-spacer\">\n\t\t\t<div class=\"elementor-spacer-inner\"><\/div>\n\t\t<\/div>\n\t\t\t\t\t\t<\/div>\n\t\t\t\t<\/div>\n\t\t\t\t<div class=\"elementor-element elementor-element-a847def elementor-widget elementor-widget-text-editor\" data-id=\"a847def\" data-element_type=\"widget\" data-widget_type=\"text-editor.default\">\n\t\t\t\t<div class=\"elementor-widget-container\">\n\t\t\t\t\t\t\t\t\t<p>La <strong>Universidad Tecnol\u00f3gica de Guti\u00e9rrez Zamora <\/strong>(<strong>UTGZ<\/strong>) cuenta con instalaciones estrat\u00e9gicas para el aprendizaje e investigaci\u00f3n. Su sede principal est\u00e1 ubicada en la carretera Guti\u00e9rrez Zamora \u2013 Boca de Lima km. 2.5, Guti\u00e9rrez Zamora, Ver., con tres edificios que albergan hasta 1,200 personas por turno. Adem\u00e1s, dispone de un edificio en comodato en prolongaci\u00f3n Dr. Miguel Pati\u00f1o s\/n, Col. Centro, Guti\u00e9rrez Zamora, Ver., con capacidad para 800 personas.<\/p>\t\t\t\t\t\t\t\t<\/div>\n\t\t\t\t<\/div>\n\t\t<div class=\"elementor-element elementor-element-28fe49a e-con-full e-flex e-con e-child\" data-id=\"28fe49a\" data-element_type=\"container\">\n\t\t<div class=\"elementor-element elementor-element-248bf2f e-con-full e-flex e-con e-child\" data-id=\"248bf2f\" data-element_type=\"container\">\n\t\t\t\t<div class=\"elementor-element elementor-element-5419175 elementor-widget elementor-widget-text-editor\" data-id=\"5419175\" data-element_type=\"widget\" data-widget_type=\"text-editor.default\">\n\t\t\t\t<div class=\"elementor-widget-container\">\n\t\t\t\t\t\t\t\t\t<p>Cuenta con:<\/p>\t\t\t\t\t\t\t\t<\/div>\n\t\t\t\t<\/div>\n\t\t\t\t<div class=\"elementor-element elementor-element-eb0f3c4 elementor-icon-list--layout-traditional elementor-list-item-link-full_width elementor-widget elementor-widget-icon-list\" data-id=\"eb0f3c4\" data-element_type=\"widget\" data-widget_type=\"icon-list.default\">\n\t\t\t\t<div class=\"elementor-widget-container\">\n\t\t\t\t\t\t\t<ul class=\"elementor-icon-list-items\">\n\t\t\t\t\t\t\t<li class=\"elementor-icon-list-item\">\n\t\t\t\t\t\t\t\t\t\t\t<span class=\"elementor-icon-list-icon\">\n\t\t\t\t\t\t\t<svg aria-hidden=\"true\" class=\"e-font-icon-svg e-fas-chevron-right\" viewBox=\"0 0 320 512\" xmlns=\"http:\/\/www.w3.org\/2000\/svg\"><path d=\"M285.476 272.971L91.132 467.314c-9.373 9.373-24.569 9.373-33.941 0l-22.667-22.667c-9.357-9.357-9.375-24.522-.04-33.901L188.505 256 34.484 101.255c-9.335-9.379-9.317-24.544.04-33.901l22.667-22.667c9.373-9.373 24.569-9.373 33.941 0L285.475 239.03c9.373 9.372 9.373 24.568.001 33.941z\"><\/path><\/svg>\t\t\t\t\t\t<\/span>\n\t\t\t\t\t\t\t\t\t\t<span class=\"elementor-icon-list-text\">23 Aulas,<\/span>\n\t\t\t\t\t\t\t\t\t<\/li>\n\t\t\t\t\t\t\t\t<li class=\"elementor-icon-list-item\">\n\t\t\t\t\t\t\t\t\t\t\t<span class=\"elementor-icon-list-icon\">\n\t\t\t\t\t\t\t<svg aria-hidden=\"true\" class=\"e-font-icon-svg e-fas-chevron-right\" viewBox=\"0 0 320 512\" xmlns=\"http:\/\/www.w3.org\/2000\/svg\"><path d=\"M285.476 272.971L91.132 467.314c-9.373 9.373-24.569 9.373-33.941 0l-22.667-22.667c-9.357-9.357-9.375-24.522-.04-33.901L188.505 256 34.484 101.255c-9.335-9.379-9.317-24.544.04-33.901l22.667-22.667c9.373-9.373 24.569-9.373 33.941 0L285.475 239.03c9.373 9.372 9.373 24.568.001 33.941z\"><\/path><\/svg>\t\t\t\t\t\t<\/span>\n\t\t\t\t\t\t\t\t\t\t<span class=\"elementor-icon-list-text\">8 Laboratorios,<\/span>\n\t\t\t\t\t\t\t\t\t<\/li>\n\t\t\t\t\t\t\t\t<li class=\"elementor-icon-list-item\">\n\t\t\t\t\t\t\t\t\t\t\t<span class=\"elementor-icon-list-icon\">\n\t\t\t\t\t\t\t<svg aria-hidden=\"true\" class=\"e-font-icon-svg e-fas-chevron-right\" viewBox=\"0 0 320 512\" xmlns=\"http:\/\/www.w3.org\/2000\/svg\"><path d=\"M285.476 272.971L91.132 467.314c-9.373 9.373-24.569 9.373-33.941 0l-22.667-22.667c-9.357-9.357-9.375-24.522-.04-33.901L188.505 256 34.484 101.255c-9.335-9.379-9.317-24.544.04-33.901l22.667-22.667c9.373-9.373 24.569-9.373 33.941 0L285.475 239.03c9.373 9.372 9.373 24.568.001 33.941z\"><\/path><\/svg>\t\t\t\t\t\t<\/span>\n\t\t\t\t\t\t\t\t\t\t<span class=\"elementor-icon-list-text\">3 Centros de C\u00f3mputo<\/span>\n\t\t\t\t\t\t\t\t\t<\/li>\n\t\t\t\t\t\t\t\t<li class=\"elementor-icon-list-item\">\n\t\t\t\t\t\t\t\t\t\t\t<span class=\"elementor-icon-list-icon\">\n\t\t\t\t\t\t\t<svg aria-hidden=\"true\" class=\"e-font-icon-svg e-fas-chevron-right\" viewBox=\"0 0 320 512\" xmlns=\"http:\/\/www.w3.org\/2000\/svg\"><path d=\"M285.476 272.971L91.132 467.314c-9.373 9.373-24.569 9.373-33.941 0l-22.667-22.667c-9.357-9.357-9.375-24.522-.04-33.901L188.505 256 34.484 101.255c-9.335-9.379-9.317-24.544.04-33.901l22.667-22.667c9.373-9.373 24.569-9.373 33.941 0L285.475 239.03c9.373 9.372 9.373 24.568.001 33.941z\"><\/path><\/svg>\t\t\t\t\t\t<\/span>\n\t\t\t\t\t\t\t\t\t\t<span class=\"elementor-icon-list-text\">La emblem\u00e1tica Cocina de Humo.<\/span>\n\t\t\t\t\t\t\t\t\t<\/li>\n\t\t\t\t\t\t<\/ul>\n\t\t\t\t\t\t<\/div>\n\t\t\t\t<\/div>\n\t\t\t\t<\/div>\n\t\t<div class=\"elementor-element elementor-element-0f8f3b4 e-con-full e-flex e-con e-child\" data-id=\"0f8f3b4\" data-element_type=\"container\">\n\t\t\t\t<div class=\"elementor-element elementor-element-d923f9e elementor-widget elementor-widget-text-editor\" data-id=\"d923f9e\" data-element_type=\"widget\" data-widget_type=\"text-editor.default\">\n\t\t\t\t<div class=\"elementor-widget-container\">\n\t\t\t\t\t\t\t\t\t<p>Actualmente, est\u00e1 en proceso de construcci\u00f3n un nuevo edificio con capacidad para 450 personas, con un avance del 95%. Con esta infraestructura, la UTGZ reafirma su compromiso con una educaci\u00f3n de calidad y el desarrollo tecnol\u00f3gico.<\/p>\t\t\t\t\t\t\t\t<\/div>\n\t\t\t\t<\/div>\n\t\t\t\t<\/div>\n\t\t\t\t<\/div>\n\t\t\t\t\t<\/div>\n\t\t\t\t<\/div>\n\t\t<div class=\"elementor-element elementor-element-fc216aa e-flex e-con-boxed e-con e-parent\" data-id=\"fc216aa\" data-element_type=\"container\">\n\t\t\t\t\t<div class=\"e-con-inner\">\n\t\t\t\t<div class=\"elementor-element elementor-element-878dcc8 elementor-widget elementor-widget-shortcode\" data-id=\"878dcc8\" data-element_type=\"widget\" data-widget_type=\"shortcode.default\">\n\t\t\t\t<div class=\"elementor-widget-container\">\n\t\t\t\t\t\t\t<div class=\"elementor-shortcode\"><div id=\"metaslider-id-1660\" style=\"width: 100%; margin: 0 auto;\" class=\"ml-slider-3-107-0 metaslider metaslider-flex metaslider-1660 ml-slider has-carousel-mode ms-theme-default-base nav-hidden\" role=\"region\" aria-label=\"Instalaciones-Zamora\" data-height=\"300\" data-width=\"400\">\n    <div id=\"metaslider_container_1660\">\n        <div id=\"metaslider_1660\">\n            <ul class='slides'>\n                <li style=\"display: none; width: 100%;\" class=\"slide-1661 ms-image \" aria-roledescription=\"slide\" data-date=\"2025-03-10 10:40:40\" data-filename=\"screen-utgz25-400x300.png\" data-slide-type=\"image\"><img fetchpriority=\"high\" decoding=\"async\" src=\"http:\/\/187.237.124.202:8080\/utgz\/wp-content\/uploads\/2025\/02\/screen-utgz25-400x300.png\" height=\"300\" width=\"400\" alt=\"\" class=\"slider-1660 slide-1661 msDefaultImage\" title=\"screen-utgz25\" \/><\/li>\n                <li style=\"display: none; width: 100%;\" class=\"slide-1662 ms-image \" aria-roledescription=\"slide\" data-date=\"2025-03-10 10:40:50\" data-filename=\"screen-utgz25-400x300.png\" data-slide-type=\"image\"><img decoding=\"async\" src=\"http:\/\/187.237.124.202:8080\/utgz\/wp-content\/uploads\/2025\/02\/screen-utgz25-400x300.png\" height=\"300\" width=\"400\" alt=\"\" class=\"slider-1660 slide-1662 msDefaultImage\" title=\"screen-utgz25\" \/><\/li>\n                <li style=\"display: none; width: 100%;\" class=\"slide-1663 ms-image \" aria-roledescription=\"slide\" data-date=\"2025-03-10 10:40:57\" data-filename=\"screen-utgz25-400x300.png\" data-slide-type=\"image\"><img decoding=\"async\" src=\"http:\/\/187.237.124.202:8080\/utgz\/wp-content\/uploads\/2025\/02\/screen-utgz25-400x300.png\" height=\"300\" width=\"400\" alt=\"\" class=\"slider-1660 slide-1663 msDefaultImage\" title=\"screen-utgz25\" \/><\/li>\n            <\/ul>\n        <\/div>\n        \n    <\/div>\n<\/div><\/div>\n\t\t\t\t\t\t<\/div>\n\t\t\t\t<\/div>\n\t\t\t\t<div class=\"elementor-element elementor-element-6851139 elementor-widget elementor-widget-spacer\" data-id=\"6851139\" data-element_type=\"widget\" data-widget_type=\"spacer.default\">\n\t\t\t\t<div class=\"elementor-widget-container\">\n\t\t\t\t\t\t\t<div class=\"elementor-spacer\">\n\t\t\t<div class=\"elementor-spacer-inner\"><\/div>\n\t\t<\/div>\n\t\t\t\t\t\t<\/div>\n\t\t\t\t<\/div>\n\t\t\t\t\t<\/div>\n\t\t\t\t<\/div>\n\t\t\t\t<\/div>\n\t\t","protected":false},"excerpt":{"rendered":"<p>INSTALACIONES GUTI\u00c9RREZ ZAMORA La Universidad Tecnol\u00f3gica de Guti\u00e9rrez Zamora (UTGZ) cuenta con instalaciones estrat\u00e9gicas para el aprendizaje e investigaci\u00f3n. Su sede principal est\u00e1 ubicada en la carretera Guti\u00e9rrez Zamora \u2013 Boca de Lima km. 2.5, Guti\u00e9rrez Zamora, Ver., con tres edificios que albergan hasta 1,200 personas por turno. Adem\u00e1s, dispone de un edificio en comodato [&hellip;]<\/p>\n","protected":false},"author":1,"featured_media":0,"parent":0,"menu_order":0,"comment_status":"closed","ping_status":"closed","template":"","meta":{"footnotes":""},"class_list":["post-1562","page","type-page","status-publish","hentry"],"_links":{"self":[{"href":"http:\/\/187.237.124.202:8080\/utgz\/wp-json\/wp\/v2\/pages\/1562","targetHints":{"allow":["GET"]}}],"collection":[{"href":"http:\/\/187.237.124.202:8080\/utgz\/wp-json\/wp\/v2\/pages"}],"about":[{"href":"http:\/\/187.237.124.202:8080\/utgz\/wp-json\/wp\/v2\/types\/page"}],"author":[{"embeddable":true,"href":"http:\/\/187.237.124.202:8080\/utgz\/wp-json\/wp\/v2\/users\/1"}],"replies":[{"embeddable":true,"href":"http:\/\/187.237.124.202:8080\/utgz\/wp-json\/wp\/v2\/comments?post=1562"}],"version-history":[{"count":0,"href":"http:\/\/187.237.124.202:8080\/utgz\/wp-json\/wp\/v2\/pages\/1562\/revisions"}],"wp:attachment":[{"href":"http:\/\/187.237.124.202:8080\/utgz\/wp-json\/wp\/v2\/media?parent=1562"}],"curies":[{"name":"wp","href":"https:\/\/api.w.org\/{rel}","templated":true}]}}